{"id":961,"date":"2014-11-13T14:15:03","date_gmt":"2014-11-13T16:15:03","guid":{"rendered":"http:\/\/www.wsamericana.com.br\/site\/?page_id=961"},"modified":"2014-11-17T08:59:32","modified_gmt":"2014-11-17T10:59:32","slug":"mancais-serie-snh-300","status":"publish","type":"page","link":"http:\/\/www.wsamericana.com.br\/site\/mancais-serie-snh-300\/","title":{"rendered":"Mancais s\u00e9rie: SNH 300"},"content":{"rendered":"<p>Clique no desenho para expandir a imagem.<br \/>\nVoc\u00ea ser\u00e1 redirecionado para uma nova janela.<\/p>\n<p>&nbsp;<\/p>\n<p><a href=\"http:\/\/www.wsamericana.com.br\/site\/pecas\/SNH_300_1.jpg\" target=\"_blank\"><\/p>\n<img loading=\"lazy\" decoding=\"async\" alt=\"Mancais s\u00e9rie:  SNH 300 - WS AMERICANA\" src=\"http:\/\/www.wsamericana.com.br\/site\/pecas\/SNH_300_1.jpg\" width=\"884\" height=\"1166\" \/><\/a>\n<p>&nbsp;<\/p>\n<p><a href=\"http:\/\/www.wsamericana.com.br\/site\/pecas\/SNH_300_2.jpg\" target=\"_blank\"><\/p>\n<p><img loading=\"lazy\" decoding=\"async\" alt=\"Mancais s\u00e9rie:  SNH 300 - WS AMERICANA\" src=\"http:\/\/www.wsamericana.com.br\/site\/pecas\/SNH_300_2.jpg\" width=\"884\" height=\"1166\"\/> <\/a><\/p>\n<p>&nbsp;<\/p>\n<p>Mancais WS Americana<br \/>\nS\u00e9rie: <a href=\"http:\/\/www.wsamericana.com.br\/site\/produtosws\/mancais-serie-snh\/\">SNH<\/a><br \/>\nS\u00e9rie SNH 300<\/p>\n","protected":false},"excerpt":{"rendered":"<p>Clique no desenho para expandir a imagem. Voc\u00ea ser\u00e1 redirecionado para uma nova janela. &nbsp; &nbsp; &nbsp; Mancais WS Americana S\u00e9rie: SNH S\u00e9rie SNH 300<\/p>\n","protected":false},"author":1,"featured_media":0,"parent":0,"menu_order":0,"comment_status":"open","ping_status":"open","template":"","meta":{"footnotes":""},"class_list":["post-961","page","type-page","status-publish","hentry"],"_links":{"self":[{"href":"http:\/\/www.wsamericana.com.br\/site\/wp-json\/wp\/v2\/pages\/961","targetHints":{"allow":["GET"]}}],"collection":[{"href":"http:\/\/www.wsamericana.com.br\/site\/wp-json\/wp\/v2\/pages"}],"about":[{"href":"http:\/\/www.wsamericana.com.br\/site\/wp-json\/wp\/v2\/types\/page"}],"author":[{"embeddable":true,"href":"http:\/\/www.wsamericana.com.br\/site\/wp-json\/wp\/v2\/users\/1"}],"replies":[{"embeddable":true,"href":"http:\/\/www.wsamericana.com.br\/site\/wp-json\/wp\/v2\/comments?post=961"}],"version-history":[{"count":6,"href":"http:\/\/www.wsamericana.com.br\/site\/wp-json\/wp\/v2\/pages\/961\/revisions"}],"predecessor-version":[{"id":994,"href":"http:\/\/www.wsamericana.com.br\/site\/wp-json\/wp\/v2\/pages\/961\/revisions\/994"}],"wp:attachment":[{"href":"http:\/\/www.wsamericana.com.br\/site\/wp-json\/wp\/v2\/media?parent=961"}],"curies":[{"name":"wp","href":"https:\/\/api.w.org\/{rel}","templated":true}]}}