{"id":948,"date":"2014-11-13T14:03:18","date_gmt":"2014-11-13T16:03:18","guid":{"rendered":"http:\/\/www.wsamericana.com.br\/site\/?page_id=948"},"modified":"2014-11-17T09:00:32","modified_gmt":"2014-11-17T11:00:32","slug":"mancais-serie-snh-snh-200","status":"publish","type":"page","link":"http:\/\/www.wsamericana.com.br\/site\/produtosws\/mancais-serie-snh\/mancais-serie-snh-snh-200\/","title":{"rendered":"Mancais s\u00e9rie SNH 200"},"content":{"rendered":"<p>Clique no desenho para expandir a imagem.<br \/>\nVoc\u00ea ser\u00e1 redirecionado para uma nova janela.<\/p>\n<p><a href=\"http:\/\/www.wsamericana.com.br\/site\/pecas\/SNH_200_1.jpg\" target=\"_blank\"><\/p>\n<img loading=\"lazy\" decoding=\"async\" alt=\"Mancais s\u00e9rie:  SNH 200 - WS AMERICANA\" src=\"http:\/\/www.wsamericana.com.br\/site\/pecas\/SNH_200_1.jpg\" width=\"888\" height=\"1164\" \/><\/a>\n<p>&nbsp;<\/p>\n<p><a href=\"http:\/\/www.wsamericana.com.br\/site\/pecas\/SNH_200_2.jpg\" target=\"_blank\"><\/p>\n<img loading=\"lazy\" decoding=\"async\" alt=\"Mancais s\u00e9rie:  SNH 200 - WS AMERICANA\" src=\"http:\/\/www.wsamericana.com.br\/site\/pecas\/SNH_200_2.jpg\" width=\"888\" height=\"1164\" \/><\/a>\n<p>Mancais WS Americana<br \/>\nS\u00e9rie: <a href=\"http:\/\/www.wsamericana.com.br\/site\/produtosws\/mancais-serie-snh\/\">SNH<\/a><br \/>\nS\u00e9rie SNH 200<\/p>\n","protected":false},"excerpt":{"rendered":"<p>Clique no desenho para expandir a imagem. Voc\u00ea ser\u00e1 redirecionado para uma nova janela. &nbsp; Mancais WS Americana S\u00e9rie: SNH S\u00e9rie SNH 200<\/p>\n","protected":false},"author":1,"featured_media":0,"parent":530,"menu_order":0,"comment_status":"open","ping_status":"open","template":"","meta":{"footnotes":""},"class_list":["post-948","page","type-page","status-publish","hentry"],"_links":{"self":[{"href":"http:\/\/www.wsamericana.com.br\/site\/wp-json\/wp\/v2\/pages\/948","targetHints":{"allow":["GET"]}}],"collection":[{"href":"http:\/\/www.wsamericana.com.br\/site\/wp-json\/wp\/v2\/pages"}],"about":[{"href":"http:\/\/www.wsamericana.com.br\/site\/wp-json\/wp\/v2\/types\/page"}],"author":[{"embeddable":true,"href":"http:\/\/www.wsamericana.com.br\/site\/wp-json\/wp\/v2\/users\/1"}],"replies":[{"embeddable":true,"href":"http:\/\/www.wsamericana.com.br\/site\/wp-json\/wp\/v2\/comments?post=948"}],"version-history":[{"count":11,"href":"http:\/\/www.wsamericana.com.br\/site\/wp-json\/wp\/v2\/pages\/948\/revisions"}],"predecessor-version":[{"id":995,"href":"http:\/\/www.wsamericana.com.br\/site\/wp-json\/wp\/v2\/pages\/948\/revisions\/995"}],"up":[{"embeddable":true,"href":"http:\/\/www.wsamericana.com.br\/site\/wp-json\/wp\/v2\/pages\/530"}],"wp:attachment":[{"href":"http:\/\/www.wsamericana.com.br\/site\/wp-json\/wp\/v2\/media?parent=948"}],"curies":[{"name":"wp","href":"https:\/\/api.w.org\/{rel}","templated":true}]}}