{"id":936,"date":"2014-11-13T13:48:49","date_gmt":"2014-11-13T15:48:49","guid":{"rendered":"http:\/\/www.wsamericana.com.br\/site\/?page_id=936"},"modified":"2014-11-13T13:51:47","modified_gmt":"2014-11-13T15:51:47","slug":"mancais-serie-s-30-k","status":"publish","type":"page","link":"http:\/\/www.wsamericana.com.br\/site\/produtosws\/mancais-serie-s-30-k\/","title":{"rendered":"Mancais s\u00e9rie: S 30 K"},"content":{"rendered":"<p>Clique no desenho para expandir a imagem.<br \/>\nVoc\u00ea ser\u00e1 redirecionado para uma nova janela.<\/p>\n<p><a href=\"http:\/\/www.wsamericana.com.br\/site\/pecas\/S_30K.jpg\" target=\"_blank\"> <\/p>\n<img loading=\"lazy\" decoding=\"async\" alt=\"Mancais s\u00e9rie:  S 30 K - WS AMERICANA\" src=\"http:\/\/www.wsamericana.com.br\/site\/pecas\/S_30K.jpg\" width=\"903\" height=\"868\"\/><br \/><\/a>\n<p>Mancais WS Americana<br \/>\nS\u00e9rie: S 30 K<\/p>\n","protected":false},"excerpt":{"rendered":"<p>Clique no desenho para expandir a imagem. Voc\u00ea ser\u00e1 redirecionado para uma nova janela. Mancais WS Americana S\u00e9rie: S 30 K<\/p>\n","protected":false},"author":1,"featured_media":0,"parent":306,"menu_order":0,"comment_status":"open","ping_status":"open","template":"","meta":{"footnotes":""},"class_list":["post-936","page","type-page","status-publish","hentry"],"_links":{"self":[{"href":"http:\/\/www.wsamericana.com.br\/site\/wp-json\/wp\/v2\/pages\/936","targetHints":{"allow":["GET"]}}],"collection":[{"href":"http:\/\/www.wsamericana.com.br\/site\/wp-json\/wp\/v2\/pages"}],"about":[{"href":"http:\/\/www.wsamericana.com.br\/site\/wp-json\/wp\/v2\/types\/page"}],"author":[{"embeddable":true,"href":"http:\/\/www.wsamericana.com.br\/site\/wp-json\/wp\/v2\/users\/1"}],"replies":[{"embeddable":true,"href":"http:\/\/www.wsamericana.com.br\/site\/wp-json\/wp\/v2\/comments?post=936"}],"version-history":[{"count":4,"href":"http:\/\/www.wsamericana.com.br\/site\/wp-json\/wp\/v2\/pages\/936\/revisions"}],"predecessor-version":[{"id":940,"href":"http:\/\/www.wsamericana.com.br\/site\/wp-json\/wp\/v2\/pages\/936\/revisions\/940"}],"up":[{"embeddable":true,"href":"http:\/\/www.wsamericana.com.br\/site\/wp-json\/wp\/v2\/pages\/306"}],"wp:attachment":[{"href":"http:\/\/www.wsamericana.com.br\/site\/wp-json\/wp\/v2\/media?parent=936"}],"curies":[{"name":"wp","href":"https:\/\/api.w.org\/{rel}","templated":true}]}}