{"id":92,"date":"2013-11-05T17:42:31","date_gmt":"2013-11-05T17:42:31","guid":{"rendered":"http:\/\/www.wsamericana.com.br\/site\/?page_id=92"},"modified":"2014-11-17T10:14:26","modified_gmt":"2014-11-17T12:14:26","slug":"mancais-serie-dm-30k-dm","status":"publish","type":"page","link":"http:\/\/www.wsamericana.com.br\/site\/produtosws\/mancais-serie-dm-30k-dm\/","title":{"rendered":"S\u00e9rie: DM 30K-DM &#8211; DP 30K-DP"},"content":{"rendered":"<p><strong><a href=\"http:\/\/www.wsamericana.com.br\/site\/produtosws\/mancais-serie-dm-30k-dm\/mancais-serie-dp-30k-dp\">Mancais s\u00e9rie: DP 30K , DP<\/a><\/strong><\/p>\n<p style=\"text-align: center;\"><a href=\"http:\/\/www.wsamericana.com.br\/site\/produtosws\/mancais-serie-dm-30k-dm\/mancais-serie-dp-30k-dp\"><img loading=\"lazy\" decoding=\"async\" class=\"wp-image-175 alignleft\" alt=\"DP 30K , DP\" src=\"http:\/\/www.wsamericana.com.br\/site\/wp-content\/uploads\/2013\/11\/DP-30K-DP.jpg\" width=\"50\" height=\"80\" \/><\/a><\/p>\n<p>&nbsp;<\/p>\n<p>&nbsp;<\/p>\n<p>&nbsp;<\/p>\n<p><strong><a href=\"http:\/\/www.wsamericana.com.br\/site\/produtosws\/mancais-serie-dm-30k-dm\/mancais-serie-dm-30k-dm\/\">Mancais s\u00e9rie: DM 30K , DM<\/a><\/strong><\/p>\n<p style=\"text-align: center;\"><a href=\"http:\/\/www.wsamericana.com.br\/site\/produtosws\/mancais-serie-dm-30k-dm\/mancais-serie-dm-30k-dm\/\"><img loading=\"lazy\" decoding=\"async\" class=\"wp-image-174 alignleft\" alt=\"DM 30K , DM\" src=\"http:\/\/www.wsamericana.com.br\/site\/wp-content\/uploads\/2013\/11\/DM-30K-DM-150x150.jpg\" width=\"50\" height=\"80\" \/><\/a><\/p>\n<p>&nbsp;<\/p>\n<p>&nbsp;<\/p>\n<p>&nbsp;<\/p>\n<p>&nbsp;<\/p>\n<p><strong><a href=\"http:\/\/www.wsamericana.com.br\/site\/produtosws\/mancais-serie-dm-30k-dm\/cargas-admissiveis-nas-caixas-serie-dp-dm-30k\/\">Cargas admiss\u00edveis nas caixas s\u00e9rie: DP, DM 30K<\/a><\/strong><\/p>\n<p style=\"text-align: center;\"><a href=\"http:\/\/www.wsamericana.com.br\/site\/produtosws\/mancais-serie-dm-30k-dm\/cargas-admissiveis-nas-caixas-serie-dp-dm-30k\/\"><img loading=\"lazy\" decoding=\"async\" class=\"wp-image-190 alignleft\" alt=\"CARGAS  CAIXAS   DP 30K\" src=\"http:\/\/www.wsamericana.com.br\/site\/wp-content\/uploads\/2013\/11\/CARGAS-CAIXAS-DP-30K-150x150.jpg\" width=\"50\" height=\"80\" \/><\/a><\/p>\n<p>&nbsp;<\/p>\n<p>&nbsp;<\/p>\n<p>&nbsp;<\/p>\n<p><strong><a href=\"http:\/\/www.wsamericana.com.br\/site\/produtosws\/mancais-serie-dm-30k-dm\/cargas-admissiveis-nas-caixas-serie-dp-dm\/\">Cargas admiss\u00edveis nas caixas s\u00e9rie: DP, DM<\/a><\/strong><\/p>\n<p style=\"text-align: center;\"><a href=\"http:\/\/www.wsamericana.com.br\/site\/produtosws\/mancais-serie-dm-30k-dm\/cargas-admissiveis-nas-caixas-serie-dp-dm\/\"><img loading=\"lazy\" decoding=\"async\" class=\"wp-image-190 alignleft\" alt=\"\" src=\"http:\/\/www.wsamericana.com.br\/site\/wp-content\/uploads\/2013\/11\/CARGAS-CAIXAS-DP-30K-214x300.jpg\" width=\"50\" height=\"90\" \/><\/a><\/p>\n<p>&nbsp;<\/p>\n<p>&nbsp;<\/p>\n<p>&nbsp;<\/p>\n<p>&nbsp;<\/p>\n<p>Mancais WS Americana<br \/>\nS\u00e9rie: DM &#8211; DP<\/p>\n","protected":false},"excerpt":{"rendered":"<p>Mancais s\u00e9rie: DP 30K , DP &nbsp; &nbsp; &nbsp; Mancais s\u00e9rie: DM 30K , DM &nbsp; &nbsp; &nbsp; &nbsp; Cargas admiss\u00edveis nas caixas s\u00e9rie: DP, DM 30K &nbsp; &nbsp; &nbsp; Cargas admiss\u00edveis nas caixas s\u00e9rie: DP, DM &nbsp; &nbsp; &nbsp; &nbsp; Mancais WS Americana S\u00e9rie: DM &#8211; DP<\/p>\n","protected":false},"author":1,"featured_media":0,"parent":306,"menu_order":1,"comment_status":"open","ping_status":"open","template":"","meta":{"footnotes":""},"class_list":["post-92","page","type-page","status-publish","hentry"],"_links":{"self":[{"href":"http:\/\/www.wsamericana.com.br\/site\/wp-json\/wp\/v2\/pages\/92","targetHints":{"allow":["GET"]}}],"collection":[{"href":"http:\/\/www.wsamericana.com.br\/site\/wp-json\/wp\/v2\/pages"}],"about":[{"href":"http:\/\/www.wsamericana.com.br\/site\/wp-json\/wp\/v2\/types\/page"}],"author":[{"embeddable":true,"href":"http:\/\/www.wsamericana.com.br\/site\/wp-json\/wp\/v2\/users\/1"}],"replies":[{"embeddable":true,"href":"http:\/\/www.wsamericana.com.br\/site\/wp-json\/wp\/v2\/comments?post=92"}],"version-history":[{"count":76,"href":"http:\/\/www.wsamericana.com.br\/site\/wp-json\/wp\/v2\/pages\/92\/revisions"}],"predecessor-version":[{"id":1045,"href":"http:\/\/www.wsamericana.com.br\/site\/wp-json\/wp\/v2\/pages\/92\/revisions\/1045"}],"up":[{"embeddable":true,"href":"http:\/\/www.wsamericana.com.br\/site\/wp-json\/wp\/v2\/pages\/306"}],"wp:attachment":[{"href":"http:\/\/www.wsamericana.com.br\/site\/wp-json\/wp\/v2\/media?parent=92"}],"curies":[{"name":"wp","href":"https:\/\/api.w.org\/{rel}","templated":true}]}}