{"id":914,"date":"2014-11-13T11:25:03","date_gmt":"2014-11-13T13:25:03","guid":{"rendered":"http:\/\/www.wsamericana.com.br\/site\/?page_id=914"},"modified":"2014-11-13T11:29:47","modified_gmt":"2014-11-13T13:29:47","slug":"mancais-serie-sdn-31-ts","status":"publish","type":"page","link":"http:\/\/www.wsamericana.com.br\/site\/produtosws\/mancais-serie-sdn\/mancais-serie-sdn-31-ts\/","title":{"rendered":"Mancais s\u00e9rie: SDN 31 TS"},"content":{"rendered":"<p>Clique no desenho para expandir a imagem.<br \/>\nVoc\u00ea ser\u00e1 redirecionado para uma nova janela.<\/p>\n<p><a href=\"http:\/\/www.wsamericana.com.br\/site\/pecas\/SDN_31_TS.jpg\" target=\"_blank\"><\/p>\n<img loading=\"lazy\" decoding=\"async\" alt=\"SDCD 230 C - WS AMERICANA\" src=\"http:\/\/www.wsamericana.com.br\/site\/pecas\/SDN_31_TS.jpg\" width=\"906\" height=\"1014\" \/><\/a>\n<p>&nbsp;<\/p>\n<p>Mancais WS Americana<br \/>\nS\u00e9rie: <a href=\"http:\/\/www.wsamericana.com.br\/site\/produtosws\/mancais-serie-sdn\/\">SDN<\/a><br \/>\nS\u00e9rie: SDN 31 TS<\/p>\n","protected":false},"excerpt":{"rendered":"<p>Clique no desenho para expandir a imagem. Voc\u00ea ser\u00e1 redirecionado para uma nova janela. &nbsp; Mancais WS Americana S\u00e9rie: SDN S\u00e9rie: SDN 31 TS<\/p>\n","protected":false},"author":1,"featured_media":0,"parent":912,"menu_order":0,"comment_status":"open","ping_status":"open","template":"","meta":{"footnotes":""},"class_list":["post-914","page","type-page","status-publish","hentry"],"_links":{"self":[{"href":"http:\/\/www.wsamericana.com.br\/site\/wp-json\/wp\/v2\/pages\/914","targetHints":{"allow":["GET"]}}],"collection":[{"href":"http:\/\/www.wsamericana.com.br\/site\/wp-json\/wp\/v2\/pages"}],"about":[{"href":"http:\/\/www.wsamericana.com.br\/site\/wp-json\/wp\/v2\/types\/page"}],"author":[{"embeddable":true,"href":"http:\/\/www.wsamericana.com.br\/site\/wp-json\/wp\/v2\/users\/1"}],"replies":[{"embeddable":true,"href":"http:\/\/www.wsamericana.com.br\/site\/wp-json\/wp\/v2\/comments?post=914"}],"version-history":[{"count":4,"href":"http:\/\/www.wsamericana.com.br\/site\/wp-json\/wp\/v2\/pages\/914\/revisions"}],"predecessor-version":[{"id":920,"href":"http:\/\/www.wsamericana.com.br\/site\/wp-json\/wp\/v2\/pages\/914\/revisions\/920"}],"up":[{"embeddable":true,"href":"http:\/\/www.wsamericana.com.br\/site\/wp-json\/wp\/v2\/pages\/912"}],"wp:attachment":[{"href":"http:\/\/www.wsamericana.com.br\/site\/wp-json\/wp\/v2\/media?parent=914"}],"curies":[{"name":"wp","href":"https:\/\/api.w.org\/{rel}","templated":true}]}}