{"id":7,"date":"2013-09-10T02:53:53","date_gmt":"2013-09-10T02:53:53","guid":{"rendered":"http:\/\/www.wsamericana.com.br\/site\/?page_id=7"},"modified":"2014-04-07T16:50:10","modified_gmt":"2014-04-07T19:50:10","slug":"a-empresa","status":"publish","type":"page","link":"http:\/\/www.wsamericana.com.br\/site\/a-empresa\/","title":{"rendered":"A Empresa"},"content":{"rendered":"<p>Fundada em 2003, a WS Americana atua na fabrica\u00e7\u00e3o de mancais com refer\u00eancia e qualidade nesse segmento.<\/p>\n<p>Tamb\u00e9m atuamos na realiza\u00e7\u00e3o de outros projetos sob desenho, espec\u00edficos para cada necessidade em diversos segmentos industriais.<\/p>\n<p>Instalada em Americana \u2013 SP (120km de S\u00e3o Paulo) a empresa est\u00e1 localizada as margens da rodovia Luiz de Queiroz \u2013 SP 134, entre as rodovias Anhanguera e Bandeirantes.<\/p>\n<p>Contamos com uma equipe de colaboradores altamente treinada e especializada, com experi\u00eancia nos processos de fabrica\u00e7\u00e3o, assegurando um produto com garantia e qualidade.<\/p>\n<p>Buscamos atender as exig\u00eancias de nossos clientes com aperfei\u00e7oamentos di\u00e1rios, procurando evolu\u00e7\u00e3o cont\u00ednua para atingir nossos objetivos.<\/p>\n<p>\u00c9 compromisso da empresa garantir a qualidade e atendimento ao cliente com transpar\u00eancia e \u00e9tica, com o comprometimento geral de fornecedores e colaboradores garantindo assim efici\u00eancia e compet\u00eancia nos servi\u00e7os prestados gerando confian\u00e7a e tranq\u00fcilidade de nossos clientes.<\/p>\n<p>Solicite um or\u00e7amento sem compromisso. Estamos \u00e0 disposi\u00e7\u00e3o para atender qualquer d\u00favida sobre as caracter\u00edsticas ou funcionamento de nossos produtos.<\/p>\n<p>WS Americana \u2013 A melhor op\u00e7\u00e3o em Mancais<\/p>\n","protected":false},"excerpt":{"rendered":"<p>Fundada em 2003, a WS Americana atua na fabrica\u00e7\u00e3o de mancais com refer\u00eancia e qualidade nesse segmento. Tamb\u00e9m atuamos na realiza\u00e7\u00e3o de outros projetos sob desenho, espec\u00edficos para cada necessidade em diversos segmentos industriais. Instalada em Americana \u2013 SP (120km de S\u00e3o Paulo) a empresa est\u00e1 localizada as margens da rodovia Luiz de Queiroz \u2013<\/p>\n<p class=\"readmore\"> <a href=\"http:\/\/www.wsamericana.com.br\/site\/a-empresa\/\" title=\"Read A Empresa\">Read more&#8230;<\/a> <\/p>\n","protected":false},"author":1,"featured_media":0,"parent":0,"menu_order":0,"comment_status":"open","ping_status":"open","template":"","meta":{"footnotes":""},"class_list":["post-7","page","type-page","status-publish","hentry"],"_links":{"self":[{"href":"http:\/\/www.wsamericana.com.br\/site\/wp-json\/wp\/v2\/pages\/7","targetHints":{"allow":["GET"]}}],"collection":[{"href":"http:\/\/www.wsamericana.com.br\/site\/wp-json\/wp\/v2\/pages"}],"about":[{"href":"http:\/\/www.wsamericana.com.br\/site\/wp-json\/wp\/v2\/types\/page"}],"author":[{"embeddable":true,"href":"http:\/\/www.wsamericana.com.br\/site\/wp-json\/wp\/v2\/users\/1"}],"replies":[{"embeddable":true,"href":"http:\/\/www.wsamericana.com.br\/site\/wp-json\/wp\/v2\/comments?post=7"}],"version-history":[{"count":6,"href":"http:\/\/www.wsamericana.com.br\/site\/wp-json\/wp\/v2\/pages\/7\/revisions"}],"predecessor-version":[{"id":83,"href":"http:\/\/www.wsamericana.com.br\/site\/wp-json\/wp\/v2\/pages\/7\/revisions\/83"}],"wp:attachment":[{"href":"http:\/\/www.wsamericana.com.br\/site\/wp-json\/wp\/v2\/media?parent=7"}],"curies":[{"name":"wp","href":"https:\/\/api.w.org\/{rel}","templated":true}]}}