{"id":548,"date":"2014-04-03T19:43:38","date_gmt":"2014-04-03T19:43:38","guid":{"rendered":"http:\/\/www.wsamericana.com.br\/site\/?page_id=548"},"modified":"2014-11-17T09:41:09","modified_gmt":"2014-11-17T11:41:09","slug":"mancais-serie-sofn-200300","status":"publish","type":"page","link":"http:\/\/www.wsamericana.com.br\/site\/produtosws\/mancais-serie-sofn-200300\/","title":{"rendered":"Mancais s\u00e9rie: SOFN 200\/300"},"content":{"rendered":"<p>Clique no desenho para expandir a imagem.<br \/>\nVoc\u00ea ser\u00e1 redirecionado para uma nova janela.<\/p>\n<a href=\"http:\/\/www.wsamericana.com.br\/site\/pecas\/SOFN_200_300.jpg\" target=\"_blank\"><br \/><img loading=\"lazy\" decoding=\"async\" alt=\"SOFN 200\/300  - WS AMERICANA\" src=\"http:\/\/www.wsamericana.com.br\/site\/pecas\/SOFN_200_300.jpg\" width=\"901\" height=\"1106\" \/><\/a>\n<p>S\u00e9rie: <a href=\"http:\/\/www.wsamericana.com.br\/site\/produtosws\/mancais-serie-sofn\/\">SOFN<\/a><br \/>\nSOFN 200\/300<\/p>\n","protected":false},"excerpt":{"rendered":"<p>Clique no desenho para expandir a imagem. Voc\u00ea ser\u00e1 redirecionado para uma nova janela. S\u00e9rie: SOFN SOFN 200\/300<\/p>\n","protected":false},"author":1,"featured_media":0,"parent":306,"menu_order":0,"comment_status":"open","ping_status":"open","template":"","meta":{"footnotes":""},"class_list":["post-548","page","type-page","status-publish","hentry"],"_links":{"self":[{"href":"http:\/\/www.wsamericana.com.br\/site\/wp-json\/wp\/v2\/pages\/548","targetHints":{"allow":["GET"]}}],"collection":[{"href":"http:\/\/www.wsamericana.com.br\/site\/wp-json\/wp\/v2\/pages"}],"about":[{"href":"http:\/\/www.wsamericana.com.br\/site\/wp-json\/wp\/v2\/types\/page"}],"author":[{"embeddable":true,"href":"http:\/\/www.wsamericana.com.br\/site\/wp-json\/wp\/v2\/users\/1"}],"replies":[{"embeddable":true,"href":"http:\/\/www.wsamericana.com.br\/site\/wp-json\/wp\/v2\/comments?post=548"}],"version-history":[{"count":4,"href":"http:\/\/www.wsamericana.com.br\/site\/wp-json\/wp\/v2\/pages\/548\/revisions"}],"predecessor-version":[{"id":1020,"href":"http:\/\/www.wsamericana.com.br\/site\/wp-json\/wp\/v2\/pages\/548\/revisions\/1020"}],"up":[{"embeddable":true,"href":"http:\/\/www.wsamericana.com.br\/site\/wp-json\/wp\/v2\/pages\/306"}],"wp:attachment":[{"href":"http:\/\/www.wsamericana.com.br\/site\/wp-json\/wp\/v2\/media?parent=548"}],"curies":[{"name":"wp","href":"https:\/\/api.w.org\/{rel}","templated":true}]}}