{"id":530,"date":"2014-04-03T19:09:20","date_gmt":"2014-04-03T19:09:20","guid":{"rendered":"http:\/\/www.wsamericana.com.br\/site\/?page_id=530"},"modified":"2014-11-17T09:17:03","modified_gmt":"2014-11-17T11:17:03","slug":"mancais-serie-snh","status":"publish","type":"page","link":"http:\/\/www.wsamericana.com.br\/site\/produtosws\/mancais-serie-snh\/","title":{"rendered":"Mancais s\u00e9rie: SNH"},"content":{"rendered":"<p><b><a href=\"http:\/\/www.wsamericana.com.br\/site\/produtosws\/mancais-serie-snh\/mancais-serie-snh-snh-200\/\">SNH 200<br \/>\n<img loading=\"lazy\" decoding=\"async\" alt=\"SAF 200  - WS AMERICANA\" src=\"http:\/\/www.wsamericana.com.br\/site\/pecas\/SNH_200_1.jpg\" width=\"50\" height=\"80\" \/> <\/a><\/p>\n<a href=\"http:\/\/www.wsamericana.com.br\/site\/mancais-serie-snh-300\/\">SNH 300<br \/><img loading=\"lazy\" decoding=\"async\" alt=\"SAF 300  - WS AMERICANA\" src=\"http:\/\/www.wsamericana.com.br\/site\/pecas\/SNH_300_1.jpg\" width=\"50\" height=\"80\" \/><\/a>\n<p><a href=\"http:\/\/www.wsamericana.com.br\/site\/mancais-serie-snh-500\/\">SNH 500<br \/>\n<img loading=\"lazy\" decoding=\"async\" alt=\"SAF 500  - WS AMERICANA\" src=\"http:\/\/www.wsamericana.com.br\/site\/pecas\/SNH_500_1.jpg\" width=\"50\" height=\"80\" \/> <\/a> <\/b><\/p>\n<p>&nbsp;<\/p>\n<hr \/>\n<p>&nbsp;<\/p>\n<p><a href=\"http:\/\/www.wsamericana.com.br\/site\/mancais-serie-saf-18\/cargas-admissiveis-nas-caixas-series-snh\"><\/p>\n<p><b><a href=\"http:\/\/www.wsamericana.com.br\/site\/mancais-serie-saf-18\/cargas-admissiveis-nas-caixas-series-snh\/\">Cargas admiss\u00edveis nas caixas s\u00e9ries: SNH<\/b><\/p>\n<img loading=\"lazy\" decoding=\"async\" alt=\"Cargas admiss\u00edveis nas caixas s\u00e9ries - WS AMERICANA\" src=\"\/site\/pecas\/CARGAS_ADMISSIVEIS_NAS_CAIXAS_SNH.jpg\" width=\"50\" height=\"80\" \/><\/a>\n<p>&nbsp;<\/p>\n<p>Mancais WS Americana<br \/>\nS\u00e9rie: SNH<\/p>\n","protected":false},"excerpt":{"rendered":"<p>SNH 200 SNH 300 SNH 500 &nbsp; &nbsp; Cargas admiss\u00edveis nas caixas s\u00e9ries: SNH &nbsp; Mancais WS Americana S\u00e9rie: SNH<\/p>\n","protected":false},"author":1,"featured_media":0,"parent":306,"menu_order":0,"comment_status":"open","ping_status":"open","template":"","meta":{"footnotes":""},"class_list":["post-530","page","type-page","status-publish","hentry"],"_links":{"self":[{"href":"http:\/\/www.wsamericana.com.br\/site\/wp-json\/wp\/v2\/pages\/530","targetHints":{"allow":["GET"]}}],"collection":[{"href":"http:\/\/www.wsamericana.com.br\/site\/wp-json\/wp\/v2\/pages"}],"about":[{"href":"http:\/\/www.wsamericana.com.br\/site\/wp-json\/wp\/v2\/types\/page"}],"author":[{"embeddable":true,"href":"http:\/\/www.wsamericana.com.br\/site\/wp-json\/wp\/v2\/users\/1"}],"replies":[{"embeddable":true,"href":"http:\/\/www.wsamericana.com.br\/site\/wp-json\/wp\/v2\/comments?post=530"}],"version-history":[{"count":37,"href":"http:\/\/www.wsamericana.com.br\/site\/wp-json\/wp\/v2\/pages\/530\/revisions"}],"predecessor-version":[{"id":1004,"href":"http:\/\/www.wsamericana.com.br\/site\/wp-json\/wp\/v2\/pages\/530\/revisions\/1004"}],"up":[{"embeddable":true,"href":"http:\/\/www.wsamericana.com.br\/site\/wp-json\/wp\/v2\/pages\/306"}],"wp:attachment":[{"href":"http:\/\/www.wsamericana.com.br\/site\/wp-json\/wp\/v2\/media?parent=530"}],"curies":[{"name":"wp","href":"https:\/\/api.w.org\/{rel}","templated":true}]}}