{"id":495,"date":"2014-04-03T18:34:18","date_gmt":"2014-04-03T18:34:18","guid":{"rendered":"http:\/\/www.wsamericana.com.br\/site\/?page_id=495"},"modified":"2014-11-13T08:27:55","modified_gmt":"2014-11-13T10:27:55","slug":"mancais-serie-sbm-2","status":"publish","type":"page","link":"http:\/\/www.wsamericana.com.br\/site\/produtosws\/mancais-serie-sbm-2\/","title":{"rendered":"Mancais s\u00e9rie: SBM"},"content":{"rendered":"<p><b><a href=\"http:\/\/www.wsamericana.com.br\/site\/produtosws\/mancais-serie-sbm\/\">Mancais s\u00e9rie: SBM<\/p>\n<img loading=\"lazy\" decoding=\"async\" alt=\"SBM  - WS AMERICANA\" src=\"http:\/\/www.wsamericana.com.br\/site\/pecas\/SBM_1.jpg\" width=\"50\" height=\"80\" \/><\/a>\n<p>&nbsp;<\/p>\n<p><HR><\/p>\n<p><a href=\"http:\/\/www.wsamericana.com.br\/site\/produtosws\/mancais-serie-sai\/mancais-serie-sai\/cargas-admissiveis-nas-caixas-series-sai-sbm-sbp-sbpc\/\">Cargas admiss\u00edveis nas caixas s\u00e9ries: SAI, SBM, SBP, SBPC<\/p>\n<p><img loading=\"lazy\" decoding=\"async\" alt=\"Cargas admiss\u00edveis nas caixas s\u00e9ries - WS AMERICANA\" src=\"\/site\/pecas\/CARGAS_ADMISSIVEIS_NAS_CAIXAS_SAI_SBM_SBP_SBPC.jpg\" width=\"50\" height=\"80\" \/>  <\/a> <\/B><\/p>\n","protected":false},"excerpt":{"rendered":"<p>Mancais s\u00e9rie: SBM &nbsp; Cargas admiss\u00edveis nas caixas s\u00e9ries: SAI, SBM, SBP, SBPC<\/p>\n","protected":false},"author":1,"featured_media":0,"parent":306,"menu_order":0,"comment_status":"open","ping_status":"open","template":"","meta":{"footnotes":""},"class_list":["post-495","page","type-page","status-publish","hentry"],"_links":{"self":[{"href":"http:\/\/www.wsamericana.com.br\/site\/wp-json\/wp\/v2\/pages\/495","targetHints":{"allow":["GET"]}}],"collection":[{"href":"http:\/\/www.wsamericana.com.br\/site\/wp-json\/wp\/v2\/pages"}],"about":[{"href":"http:\/\/www.wsamericana.com.br\/site\/wp-json\/wp\/v2\/types\/page"}],"author":[{"embeddable":true,"href":"http:\/\/www.wsamericana.com.br\/site\/wp-json\/wp\/v2\/users\/1"}],"replies":[{"embeddable":true,"href":"http:\/\/www.wsamericana.com.br\/site\/wp-json\/wp\/v2\/comments?post=495"}],"version-history":[{"count":11,"href":"http:\/\/www.wsamericana.com.br\/site\/wp-json\/wp\/v2\/pages\/495\/revisions"}],"predecessor-version":[{"id":825,"href":"http:\/\/www.wsamericana.com.br\/site\/wp-json\/wp\/v2\/pages\/495\/revisions\/825"}],"up":[{"embeddable":true,"href":"http:\/\/www.wsamericana.com.br\/site\/wp-json\/wp\/v2\/pages\/306"}],"wp:attachment":[{"href":"http:\/\/www.wsamericana.com.br\/site\/wp-json\/wp\/v2\/media?parent=495"}],"curies":[{"name":"wp","href":"https:\/\/api.w.org\/{rel}","templated":true}]}}