{"id":464,"date":"2014-04-03T14:06:23","date_gmt":"2014-04-03T14:06:23","guid":{"rendered":"http:\/\/www.wsamericana.com.br\/site\/?page_id=464"},"modified":"2014-11-12T16:29:07","modified_gmt":"2014-11-12T18:29:07","slug":"mancais-serie-sai","status":"publish","type":"page","link":"http:\/\/www.wsamericana.com.br\/site\/produtosws\/mancais-serie-sai\/","title":{"rendered":"Mancais s\u00e9rie: SAI"},"content":{"rendered":"<p><b><a href=\"http:\/\/www.wsamericana.com.br\/site\/produtosws\/mancais-serie-sai\/mancais-serie-sai\">Mancais s\u00e9rie: SAI<\/p>\n<img loading=\"lazy\" decoding=\"async\" alt=\"SAI  - WS AMERICANA\" src=\"http:\/\/www.wsamericana.com.br\/site\/pecas\/SAI_1.jpg\" width=\"50\" height=\"80\" \/><\/a>\n<p><HR><\/p>\n<p><a href=\"http:\/\/www.wsamericana.com.br\/site\/produtosws\/mancais-serie-sai\/mancais-serie-sai\/cargas-admissiveis-nas-caixas-series-sai-sbm-sbp-sbpc\/\">Cargas admiss\u00edveis nas caixas s\u00e9ries: SAI, SBM, SBP, SBPC<\/p>\n<p><img loading=\"lazy\" decoding=\"async\" alt=\"Cargas admiss\u00edveis nas caixas s\u00e9ries - WS AMERICANA\" src=\"\/site\/pecas\/CARGAS_ADMISSIVEIS_NAS_CAIXAS_SAI_SBM_SBP_SBPC.jpg\" width=\"50\" height=\"80\" \/>  <\/a> <\/B><\/p>\n<p>Mancais WS Americana<br \/>\nS\u00e9rie: SAI<\/p>\n","protected":false},"excerpt":{"rendered":"<p>Mancais s\u00e9rie: SAI Cargas admiss\u00edveis nas caixas s\u00e9ries: SAI, SBM, SBP, SBPC Mancais WS Americana S\u00e9rie: SAI<\/p>\n","protected":false},"author":1,"featured_media":0,"parent":306,"menu_order":0,"comment_status":"open","ping_status":"open","template":"","meta":{"footnotes":""},"class_list":["post-464","page","type-page","status-publish","hentry"],"_links":{"self":[{"href":"http:\/\/www.wsamericana.com.br\/site\/wp-json\/wp\/v2\/pages\/464","targetHints":{"allow":["GET"]}}],"collection":[{"href":"http:\/\/www.wsamericana.com.br\/site\/wp-json\/wp\/v2\/pages"}],"about":[{"href":"http:\/\/www.wsamericana.com.br\/site\/wp-json\/wp\/v2\/types\/page"}],"author":[{"embeddable":true,"href":"http:\/\/www.wsamericana.com.br\/site\/wp-json\/wp\/v2\/users\/1"}],"replies":[{"embeddable":true,"href":"http:\/\/www.wsamericana.com.br\/site\/wp-json\/wp\/v2\/comments?post=464"}],"version-history":[{"count":13,"href":"http:\/\/www.wsamericana.com.br\/site\/wp-json\/wp\/v2\/pages\/464\/revisions"}],"predecessor-version":[{"id":818,"href":"http:\/\/www.wsamericana.com.br\/site\/wp-json\/wp\/v2\/pages\/464\/revisions\/818"}],"up":[{"embeddable":true,"href":"http:\/\/www.wsamericana.com.br\/site\/wp-json\/wp\/v2\/pages\/306"}],"wp:attachment":[{"href":"http:\/\/www.wsamericana.com.br\/site\/wp-json\/wp\/v2\/media?parent=464"}],"curies":[{"name":"wp","href":"https:\/\/api.w.org\/{rel}","templated":true}]}}