{"id":450,"date":"2014-04-03T13:53:44","date_gmt":"2014-04-03T13:53:44","guid":{"rendered":"http:\/\/www.wsamericana.com.br\/site\/?page_id=450"},"modified":"2015-05-22T08:33:38","modified_gmt":"2015-05-22T11:33:38","slug":"mancais-serie-saf","status":"publish","type":"page","link":"http:\/\/www.wsamericana.com.br\/site\/produtosws\/mancais-serie-saf\/","title":{"rendered":"Mancais s\u00e9rie: SAF"},"content":{"rendered":"<p><b><a href=\"http:\/\/www.wsamericana.com.br\/site\/produtosws\/mancais-serie-saf\/mancais-serie-saf200\">SAF 200<br \/>\n<a href=\"http:\/\/www.wsamericana.com.br\/site\/pecas\/SAF_200.jpg\"><img loading=\"lazy\" decoding=\"async\" alt=\"SAF 200  - WS AMERICANA\" src=\"http:\/\/www.wsamericana.com.br\/site\/pecas\/SAF_200.jpg\" width=\"50\" height=\"80\" \/><\/a><\/p>\n<p><a href=\"http:\/\/www.wsamericana.com.br\/site\/produtosws\/mancais-serie-saf\/mancais-serie-saf-saf-300\"><br \/>\n<a href=\"http:\/\/www.wsamericana.com.br\/site\/produtosws\/mancais-serie-saf\/mancais-serie-saf-saf-300\">SAF 300<br \/>\n<img loading=\"lazy\" decoding=\"async\" alt=\"SAF 300  - WS AMERICANA\" src=\"http:\/\/www.wsamericana.com.br\/site\/pecas\/SAF_300.jpg\" width=\"50\" height=\"80\" \/> <\/a><\/p>\n<a href=\"http:\/\/www.wsamericana.com.br\/site\/produtosws\/mancais-serie-saf\/saf500\/\">SAF 500<br \/><img loading=\"lazy\" decoding=\"async\" alt=\"SAF 500  - WS AMERICANA\" src=\"http:\/\/www.wsamericana.com.br\/site\/pecas\/SAF_500.jpg\" width=\"50\" height=\"80\" \/><\/a>\n<p><a href=\"http:\/\/www.wsamericana.com.br\/site\/produtosws\/mancais-serie-saf\/mancais-serie-saf-saf-600\"><br \/>\n<a href=\"http:\/\/www.wsamericana.com.br\/site\/produtosws\/mancais-serie-saf\/mancais-serie-saf-saf-600\/\">SAF 600<br \/>\n<img loading=\"lazy\" decoding=\"async\" alt=\"SAF 600  - WS AMERICANA\" src=\"http:\/\/www.wsamericana.com.br\/site\/pecas\/SAF_600.jpg\" width=\"50\" height=\"80\" \/> <\/a><\/p>\n<p>&nbsp;<\/p>\n<hr \/>\n<p>&nbsp;<\/p>\n<p><b><a href=\"http:\/\/www.wsamericana.com.br\/site\/mancais-serie-saf-18\/cargas-admissiveis-nas-caixas-series-saf\/\">Cargas admiss\u00edveis nas caixas s\u00e9ries: SAF<\/b><\/b><\/p>\n<img loading=\"lazy\" decoding=\"async\" alt=\"Cargas admiss\u00edveis nas caixas s\u00e9ries - WS AMERICANA\" src=\"\/site\/pecas\/CARGAS_ADMISSIVEIS_NAS_CAIXAS_SAF.jpg\" width=\"50\" height=\"80\" \/><\/a>\n<p>Mancais WS Americana<br \/>\nS\u00e9rie: SAF<\/p>\n","protected":false},"excerpt":{"rendered":"<p>SAF 200 SAF 300 SAF 500 SAF 600 &nbsp; &nbsp; Cargas admiss\u00edveis nas caixas s\u00e9ries: SAF Mancais WS Americana S\u00e9rie: SAF<\/p>\n","protected":false},"author":1,"featured_media":0,"parent":306,"menu_order":0,"comment_status":"open","ping_status":"open","template":"","meta":{"footnotes":""},"class_list":["post-450","page","type-page","status-publish","hentry"],"_links":{"self":[{"href":"http:\/\/www.wsamericana.com.br\/site\/wp-json\/wp\/v2\/pages\/450","targetHints":{"allow":["GET"]}}],"collection":[{"href":"http:\/\/www.wsamericana.com.br\/site\/wp-json\/wp\/v2\/pages"}],"about":[{"href":"http:\/\/www.wsamericana.com.br\/site\/wp-json\/wp\/v2\/types\/page"}],"author":[{"embeddable":true,"href":"http:\/\/www.wsamericana.com.br\/site\/wp-json\/wp\/v2\/users\/1"}],"replies":[{"embeddable":true,"href":"http:\/\/www.wsamericana.com.br\/site\/wp-json\/wp\/v2\/comments?post=450"}],"version-history":[{"count":42,"href":"http:\/\/www.wsamericana.com.br\/site\/wp-json\/wp\/v2\/pages\/450\/revisions"}],"predecessor-version":[{"id":1072,"href":"http:\/\/www.wsamericana.com.br\/site\/wp-json\/wp\/v2\/pages\/450\/revisions\/1072"}],"up":[{"embeddable":true,"href":"http:\/\/www.wsamericana.com.br\/site\/wp-json\/wp\/v2\/pages\/306"}],"wp:attachment":[{"href":"http:\/\/www.wsamericana.com.br\/site\/wp-json\/wp\/v2\/media?parent=450"}],"curies":[{"name":"wp","href":"https:\/\/api.w.org\/{rel}","templated":true}]}}