{"id":449,"date":"2014-04-03T13:58:33","date_gmt":"2014-04-03T13:58:33","guid":{"rendered":"http:\/\/www.wsamericana.com.br\/site\/?page_id=449"},"modified":"2014-11-12T16:07:26","modified_gmt":"2014-11-12T18:07:26","slug":"cargas-admissiveis-nas-caixas-series-saf","status":"publish","type":"page","link":"http:\/\/www.wsamericana.com.br\/site\/cargas-admissiveis-nas-caixas-series-saf\/","title":{"rendered":"Cargas admiss\u00edveis nas caixas s\u00e9ries: SAF"},"content":{"rendered":"<img loading=\"lazy\" decoding=\"async\" alt=\"Cargas admiss\u00edveis nas caixas s\u00e9ries - WS AMERICANA\" src=\"\/site\/pecas\/CARGAS_ADMISSIVEIS_NAS_CAIXAS_SAF.jpg\" width=\"905\" height=\"1057\" \/>\n<p>Mancais WS Americana<br \/>\nS\u00e9rie: <a href=\"http:\/\/www.wsamericana.com.br\/site\/produtosws\/mancais-serie-saf\/\">SAF<\/a><br \/>\nCargas admiss\u00edveis nas caixas s\u00e9ries: SAF<\/p>\n","protected":false},"excerpt":{"rendered":"<p>Mancais WS Americana S\u00e9rie: SAF Cargas admiss\u00edveis nas caixas s\u00e9ries: SAF<\/p>\n","protected":false},"author":1,"featured_media":0,"parent":0,"menu_order":0,"comment_status":"open","ping_status":"open","template":"","meta":{"footnotes":""},"class_list":["post-449","page","type-page","status-publish","hentry"],"_links":{"self":[{"href":"http:\/\/www.wsamericana.com.br\/site\/wp-json\/wp\/v2\/pages\/449","targetHints":{"allow":["GET"]}}],"collection":[{"href":"http:\/\/www.wsamericana.com.br\/site\/wp-json\/wp\/v2\/pages"}],"about":[{"href":"http:\/\/www.wsamericana.com.br\/site\/wp-json\/wp\/v2\/types\/page"}],"author":[{"embeddable":true,"href":"http:\/\/www.wsamericana.com.br\/site\/wp-json\/wp\/v2\/users\/1"}],"replies":[{"embeddable":true,"href":"http:\/\/www.wsamericana.com.br\/site\/wp-json\/wp\/v2\/comments?post=449"}],"version-history":[{"count":5,"href":"http:\/\/www.wsamericana.com.br\/site\/wp-json\/wp\/v2\/pages\/449\/revisions"}],"predecessor-version":[{"id":807,"href":"http:\/\/www.wsamericana.com.br\/site\/wp-json\/wp\/v2\/pages\/449\/revisions\/807"}],"wp:attachment":[{"href":"http:\/\/www.wsamericana.com.br\/site\/wp-json\/wp\/v2\/media?parent=449"}],"curies":[{"name":"wp","href":"https:\/\/api.w.org\/{rel}","templated":true}]}}