{"id":446,"date":"2014-04-03T13:50:49","date_gmt":"2014-04-03T13:50:49","guid":{"rendered":"http:\/\/www.wsamericana.com.br\/site\/?page_id=446"},"modified":"2014-11-17T10:17:12","modified_gmt":"2014-11-17T12:17:12","slug":"mancais-serie-f-500","status":"publish","type":"page","link":"http:\/\/www.wsamericana.com.br\/site\/produtosws\/mancais-serie-f-500\/","title":{"rendered":"Mancais s\u00e9rie: F 500"},"content":{"rendered":"<p>Clique no desenho para expandir a imagem.<br \/>\nVoc\u00ea ser\u00e1 redirecionado para uma nova janela.<\/p>\n<p><a href=\"http:\/\/www.wsamericana.com.br\/site\/pecas\/F_500.jpg\" target=\"_blank\"><\/p>\n<img loading=\"lazy\" decoding=\"async\" class=\"aligncenter size-large wp-image-441\" alt=\"Mancais s\u00e9rie: F 500 - WS AMERICANA\" src=\"http:\/\/www.wsamericana.com.br\/site\/pecas\/F_500.jpg\" width=\"850\" height=\"1288\" \/><\/a>\n<p>Mancais WS Americana<br \/>\nS\u00e9rie: F 500<\/p>\n","protected":false},"excerpt":{"rendered":"<p>Clique no desenho para expandir a imagem. Voc\u00ea ser\u00e1 redirecionado para uma nova janela. Mancais WS Americana S\u00e9rie: F 500<\/p>\n","protected":false},"author":1,"featured_media":0,"parent":306,"menu_order":0,"comment_status":"open","ping_status":"open","template":"","meta":{"footnotes":""},"class_list":["post-446","page","type-page","status-publish","hentry"],"_links":{"self":[{"href":"http:\/\/www.wsamericana.com.br\/site\/wp-json\/wp\/v2\/pages\/446","targetHints":{"allow":["GET"]}}],"collection":[{"href":"http:\/\/www.wsamericana.com.br\/site\/wp-json\/wp\/v2\/pages"}],"about":[{"href":"http:\/\/www.wsamericana.com.br\/site\/wp-json\/wp\/v2\/types\/page"}],"author":[{"embeddable":true,"href":"http:\/\/www.wsamericana.com.br\/site\/wp-json\/wp\/v2\/users\/1"}],"replies":[{"embeddable":true,"href":"http:\/\/www.wsamericana.com.br\/site\/wp-json\/wp\/v2\/comments?post=446"}],"version-history":[{"count":6,"href":"http:\/\/www.wsamericana.com.br\/site\/wp-json\/wp\/v2\/pages\/446\/revisions"}],"predecessor-version":[{"id":1047,"href":"http:\/\/www.wsamericana.com.br\/site\/wp-json\/wp\/v2\/pages\/446\/revisions\/1047"}],"up":[{"embeddable":true,"href":"http:\/\/www.wsamericana.com.br\/site\/wp-json\/wp\/v2\/pages\/306"}],"wp:attachment":[{"href":"http:\/\/www.wsamericana.com.br\/site\/wp-json\/wp\/v2\/media?parent=446"}],"curies":[{"name":"wp","href":"https:\/\/api.w.org\/{rel}","templated":true}]}}