{"id":420,"date":"2014-04-03T13:02:10","date_gmt":"2014-04-03T13:02:10","guid":{"rendered":"http:\/\/www.wsamericana.com.br\/site\/?page_id=420"},"modified":"2014-11-12T14:25:51","modified_gmt":"2014-11-12T16:25:51","slug":"cargas-admissiveis-nas-caixas-serie-dp-dm-30k","status":"publish","type":"page","link":"http:\/\/www.wsamericana.com.br\/site\/produtosws\/mancais-serie-dm-30k-dm\/cargas-admissiveis-nas-caixas-serie-dp-dm-30k\/","title":{"rendered":"Cargas admiss\u00edveis nas caixas s\u00e9rie: DP 30K, DM 30K"},"content":{"rendered":"<p>&nbsp;<\/p>\n<img loading=\"lazy\" decoding=\"async\" class=\"aligncenter size-large wp-image-441\" alt=\"Cargas admiss\u00edveis nas caixas s\u00e9rie: DP, DM 30K - WS AMERICANA\" src=\"http:\/\/www.wsamericana.com.br\/site\/pecas\/CARGAS_ADMISSIVEIS_NAS_CAIXAS_DP_30K_DM_30K.jpg\" width=\"850\" height=\"1288\" \/>\n<p>Mancais WS Americana s\u00e9rie DM e DP<br \/>\nCargas admiss\u00edveis nas caixas s\u00e9rie: DP, DM 30K<\/p>\n","protected":false},"excerpt":{"rendered":"<p>&nbsp; Mancais WS Americana s\u00e9rie DM e DP Cargas admiss\u00edveis nas caixas s\u00e9rie: DP, DM 30K<\/p>\n","protected":false},"author":1,"featured_media":0,"parent":92,"menu_order":0,"comment_status":"open","ping_status":"open","template":"","meta":{"footnotes":""},"class_list":["post-420","page","type-page","status-publish","hentry"],"_links":{"self":[{"href":"http:\/\/www.wsamericana.com.br\/site\/wp-json\/wp\/v2\/pages\/420","targetHints":{"allow":["GET"]}}],"collection":[{"href":"http:\/\/www.wsamericana.com.br\/site\/wp-json\/wp\/v2\/pages"}],"about":[{"href":"http:\/\/www.wsamericana.com.br\/site\/wp-json\/wp\/v2\/types\/page"}],"author":[{"embeddable":true,"href":"http:\/\/www.wsamericana.com.br\/site\/wp-json\/wp\/v2\/users\/1"}],"replies":[{"embeddable":true,"href":"http:\/\/www.wsamericana.com.br\/site\/wp-json\/wp\/v2\/comments?post=420"}],"version-history":[{"count":6,"href":"http:\/\/www.wsamericana.com.br\/site\/wp-json\/wp\/v2\/pages\/420\/revisions"}],"predecessor-version":[{"id":757,"href":"http:\/\/www.wsamericana.com.br\/site\/wp-json\/wp\/v2\/pages\/420\/revisions\/757"}],"up":[{"embeddable":true,"href":"http:\/\/www.wsamericana.com.br\/site\/wp-json\/wp\/v2\/pages\/92"}],"wp:attachment":[{"href":"http:\/\/www.wsamericana.com.br\/site\/wp-json\/wp\/v2\/media?parent=420"}],"curies":[{"name":"wp","href":"https:\/\/api.w.org\/{rel}","templated":true}]}}