{"id":365,"date":"2014-04-02T18:41:48","date_gmt":"2014-04-02T18:41:48","guid":{"rendered":"http:\/\/www.wsamericana.com.br\/site\/?page_id=365"},"modified":"2014-04-02T18:47:24","modified_gmt":"2014-04-02T18:47:24","slug":"sistemas-combinados","status":"publish","type":"page","link":"http:\/\/www.wsamericana.com.br\/site\/vedacoes\/sistemas-combinados\/","title":{"rendered":"Sistemas combinados"},"content":{"rendered":"<p>Utilizados em condi\u00e7\u00f5es de trabalho mais dr\u00e1sticas e agressivas como ambientes com poeira excessiva, com a possibilidade de entrada de agentes contaminantes s\u00e3o utilizadas as veda\u00e7\u00f5es combinadas, que se combinam e formam um conjunto perfeito, com retentores e labirintos e inje\u00e7\u00e3o de graxa entre si.<\/p>\n<p>Op\u00e7\u00f5es de veda\u00e7\u00e3o com sistemas combinados aos mancais:<br \/>\n<a href=\"http:\/\/www.wsamericana.com.br\/site\/wp-content\/uploads\/2014\/04\/asr1.png\"><img loading=\"lazy\" decoding=\"async\" width=\"235\" height=\"230\" class=\"aligncenter size-full wp-image-369\" alt=\"Veda\u00e7\u00e3o ASR - WS Americana\" src=\"http:\/\/www.wsamericana.com.br\/site\/wp-content\/uploads\/2014\/04\/asr1.png\" srcset=\"http:\/\/www.wsamericana.com.br\/site\/wp-content\/uploads\/2014\/04\/asr1.png 235w, http:\/\/www.wsamericana.com.br\/site\/wp-content\/uploads\/2014\/04\/asr1-125x122.png 125w, http:\/\/www.wsamericana.com.br\/site\/wp-content\/uploads\/2014\/04\/asr1-220x215.png 220w\" sizes=\"auto, (max-width: 235px) 100vw, 235px\" \/><\/a><\/p>\n<p><strong>ASR \u2013<\/strong> S\u00e3o veda\u00e7\u00f5es do tipo AS somadas ao uso de um retentor. O retentor pode ser montado no mancal de ambos os lados, impedindo assim a entrada ou sa\u00edda de contaminantes e lubrificantes.<\/p>\n<p>\u00c9 uma veda\u00e7\u00e3o indicada para casos de lubrifica\u00e7\u00e3o a graxa em ambientes polu\u00eddos. A velocidade m\u00e1xima perif\u00e9rica \u00e9 de 8m\/s. No caso de velocidades superiores \u00e9 necess\u00e1rio que a superf\u00edcie do eixo seja endurecida e retificada.<\/p>\n<p><b>Condi\u00e7\u00f5es indicadas<\/b>:<\/p>\n<p>Resistem a uma temperatura de- 110\u00ba;<\/p>\n<p>Velocidade m\u00e1xima perif\u00e9rica \u2013 20 m\/s; (com superf\u00edcie adequada).<\/p>\n<p>Desalinhamento do eixo admitido de at\u00e9 0,25\u00ba.<\/p>\n<p>&nbsp;<\/p>\n<p>&nbsp;<\/p>\n<a href=\"http:\/\/www.wsamericana.com.br\/site\/wp-content\/uploads\/2014\/04\/asrr.png\"><img loading=\"lazy\" decoding=\"async\" width=\"252\" height=\"244\" class=\"aligncenter size-full wp-image-370\" alt=\"Veda\u00e7\u00e3o ASRR - WS Americana\" src=\"http:\/\/www.wsamericana.com.br\/site\/wp-content\/uploads\/2014\/04\/asrr.png\" srcset=\"http:\/\/www.wsamericana.com.br\/site\/wp-content\/uploads\/2014\/04\/asrr.png 252w, http:\/\/www.wsamericana.com.br\/site\/wp-content\/uploads\/2014\/04\/asrr-250x242.png 250w, http:\/\/www.wsamericana.com.br\/site\/wp-content\/uploads\/2014\/04\/asrr-125x121.png 125w, http:\/\/www.wsamericana.com.br\/site\/wp-content\/uploads\/2014\/04\/asrr-220x213.png 220w\" sizes=\"auto, (max-width: 252px) 100vw, 252px\" \/><\/a>\n<p><strong>ASRR \u2013<\/strong> Utilizadas em ambientes muito polu\u00eddos com contaminantes e impurezas. S\u00e3o veda\u00e7\u00f5es combinadas AS + RR.<\/p>\n<p>A velocidade m\u00e1xima perif\u00e9rica \u00e9 de 8m\/s. No caso de velocidades superiores \u00e9 necess\u00e1rio que a superf\u00edcie do eixo seja endurecida e retificada.<\/p>\n<p><b>Condi\u00e7\u00f5es indicadas<\/b>:<\/p>\n<p>Temperatura m\u00e1xima de trabalho -40\u00ba a 100\u00ba;<\/p>\n<p>Velocidade m\u00e1xima perif\u00e9rica \u2013 20 m\/s; (com superf\u00edcie adequada).<\/p>\n<p>Desalinhamento do eixo admitido de at\u00e9 0,25\u00ba.<\/p>\n<p>Velocidade m\u00e1xima perif\u00e9rica \u2013 8 m\/s;<\/p>\n<p>Desalinhamento do eixo admitido de at\u00e9 1\u00ba.<\/p>\n","protected":false},"excerpt":{"rendered":"<p>Utilizados em condi\u00e7\u00f5es de trabalho mais dr\u00e1sticas e agressivas como ambientes com poeira excessiva, com a possibilidade de entrada de agentes contaminantes s\u00e3o utilizadas as veda\u00e7\u00f5es combinadas, que se combinam e formam um conjunto perfeito, com retentores e labirintos e inje\u00e7\u00e3o de graxa entre si. Op\u00e7\u00f5es de veda\u00e7\u00e3o com sistemas combinados aos mancais: ASR \u2013<\/p>\n<p class=\"readmore\"> <a href=\"http:\/\/www.wsamericana.com.br\/site\/vedacoes\/sistemas-combinados\/\" title=\"Read Sistemas combinados\">Read more&#8230;<\/a> <\/p>\n","protected":false},"author":1,"featured_media":0,"parent":336,"menu_order":0,"comment_status":"open","ping_status":"open","template":"","meta":{"footnotes":""},"class_list":["post-365","page","type-page","status-publish","hentry"],"_links":{"self":[{"href":"http:\/\/www.wsamericana.com.br\/site\/wp-json\/wp\/v2\/pages\/365","targetHints":{"allow":["GET"]}}],"collection":[{"href":"http:\/\/www.wsamericana.com.br\/site\/wp-json\/wp\/v2\/pages"}],"about":[{"href":"http:\/\/www.wsamericana.com.br\/site\/wp-json\/wp\/v2\/types\/page"}],"author":[{"embeddable":true,"href":"http:\/\/www.wsamericana.com.br\/site\/wp-json\/wp\/v2\/users\/1"}],"replies":[{"embeddable":true,"href":"http:\/\/www.wsamericana.com.br\/site\/wp-json\/wp\/v2\/comments?post=365"}],"version-history":[{"count":4,"href":"http:\/\/www.wsamericana.com.br\/site\/wp-json\/wp\/v2\/pages\/365\/revisions"}],"predecessor-version":[{"id":373,"href":"http:\/\/www.wsamericana.com.br\/site\/wp-json\/wp\/v2\/pages\/365\/revisions\/373"}],"up":[{"embeddable":true,"href":"http:\/\/www.wsamericana.com.br\/site\/wp-json\/wp\/v2\/pages\/336"}],"wp:attachment":[{"href":"http:\/\/www.wsamericana.com.br\/site\/wp-json\/wp\/v2\/media?parent=365"}],"curies":[{"name":"wp","href":"https:\/\/api.w.org\/{rel}","templated":true}]}}