{"id":348,"date":"2014-04-02T18:16:10","date_gmt":"2014-04-02T18:16:10","guid":{"rendered":"http:\/\/www.wsamericana.com.br\/site\/?page_id=348"},"modified":"2014-04-02T18:49:19","modified_gmt":"2014-04-02T18:49:19","slug":"vedacoes-de-contato","status":"publish","type":"page","link":"http:\/\/www.wsamericana.com.br\/site\/vedacoes\/vedacoes-de-contato\/","title":{"rendered":"Veda\u00e7\u00f5es de contato"},"content":{"rendered":"<p>As veda\u00e7\u00f5es de contato s\u00e3o normalmente de feltro e retentores. S\u00e3o adequadas para velocidades perif\u00e9ricas de at\u00e9 4m\/s para feltros e at\u00e9 8m\/s para retentores. A temperatura m\u00e1xima de trabalho \u00e9 de at\u00e9 100\u00ba C.<\/p>\n<p>A efic\u00e1cia dessas veda\u00e7\u00f5es depende da elasticidade e resist\u00eancia ao desgaste do material que est\u00e1 exercendo press\u00e3o na superf\u00edcie de contato. E pode ser aumentada se usada em parceria com um conjunto de labirinto.<\/p>\n<p>Em situa\u00e7\u00f5es de velocidades superiores h\u00e1 possibilidade de utilizar outros tipos de veda\u00e7\u00f5es, por\u00e9m \u00e9 necess\u00e1rio que a superf\u00edcie do eixo seja endurecida e retificada e tenha um melhor acabamento para o eixo.<\/p>\n<p>Op\u00e7\u00f5es de veda\u00e7\u00e3o de contato aplicadas aos mancais:<\/p>\n<p>&nbsp;<\/p>\n<a href=\"http:\/\/www.wsamericana.com.br\/site\/wp-content\/uploads\/2014\/04\/ff.png\"><img loading=\"lazy\" decoding=\"async\" width=\"202\" height=\"209\" class=\"aligncenter size-full wp-image-351\" alt=\"Veda\u00e7\u00f5es FF - WS Americana\" src=\"http:\/\/www.wsamericana.com.br\/site\/wp-content\/uploads\/2014\/04\/ff.png\" srcset=\"http:\/\/www.wsamericana.com.br\/site\/wp-content\/uploads\/2014\/04\/ff.png 202w, http:\/\/www.wsamericana.com.br\/site\/wp-content\/uploads\/2014\/04\/ff-125x129.png 125w\" sizes=\"auto, (max-width: 202px) 100vw, 202px\" \/><\/a>\n<p><strong>FF \u2013<\/strong> S\u00e3o veda\u00e7\u00f5es de feltro para ambientes n\u00e3o muito polu\u00eddos. Geralmente utilizando lubrifica\u00e7\u00e3o a graxa. \u00c9 uma veda\u00e7\u00e3o simples de baixo custo.<br \/>\nObserva\u00e7\u00e3o: Os an\u00e9is de feltro devem ser embebidos em \u00f3leo e aquecidos \u00e0 aproximadamente 80\u00baC antes de serem montados.<\/p>\n<p><b>Condi\u00e7\u00f5es indicadas<\/b>:<\/p>\n<p>Resistem a uma temperatura de -40\u00ba at\u00e9 100\u00baC;<\/p>\n<p>Velocidade m\u00e1xima perif\u00e9rica m\/s \u2013 4m\/s;<\/p>\n<p>Desalinhamento do eixo de at\u00e9 0,5\u00ba.<\/p>\n<p>&nbsp;<\/p>\n<p>&nbsp;<\/p>\n<a href=\"http:\/\/www.wsamericana.com.br\/site\/wp-content\/uploads\/2014\/04\/gs.png\"><img loading=\"lazy\" decoding=\"async\" width=\"269\" height=\"262\" class=\"aligncenter size-full wp-image-352\" alt=\"Veda\u00e7\u00e3o GS - WS Americana\" src=\"http:\/\/www.wsamericana.com.br\/site\/wp-content\/uploads\/2014\/04\/gs.png\" srcset=\"http:\/\/www.wsamericana.com.br\/site\/wp-content\/uploads\/2014\/04\/gs.png 269w, http:\/\/www.wsamericana.com.br\/site\/wp-content\/uploads\/2014\/04\/gs-250x243.png 250w, http:\/\/www.wsamericana.com.br\/site\/wp-content\/uploads\/2014\/04\/gs-125x121.png 125w, http:\/\/www.wsamericana.com.br\/site\/wp-content\/uploads\/2014\/04\/gs-220x214.png 220w\" sizes=\"auto, (max-width: 269px) 100vw, 269px\" \/><\/a>\n<p style=\"text-align: left;\" align=\"center\"><strong>GS \u2013<\/strong> Eficiente e de r\u00e1pida montagem, \u00e9 uma veda\u00e7\u00e3o tipo gaxeta com lubrifica\u00e7\u00e3o a graxa.<\/p>\n<p>\u00a0<b>Condi\u00e7\u00f5es indicadas<\/b>:<\/p>\n<p>Resistem a uma temperatura de at\u00e9 100\u00baC;<\/p>\n<p>Velocidade m\u00e1xima perif\u00e9rica \u2013 8 m\/s;<\/p>\n<p>Desalinhamento do eixo admitido de at\u00e9 1\u00ba.<\/p>\n<p>&nbsp;<\/p>\n<p>&nbsp;<\/p>\n<a href=\"http:\/\/www.wsamericana.com.br\/site\/wp-content\/uploads\/2014\/04\/gsgs.png\"><img loading=\"lazy\" decoding=\"async\" width=\"217\" height=\"227\" class=\"aligncenter size-full wp-image-353\" alt=\"Veda\u00e7\u00e3o GS GS - WS Americana\" src=\"http:\/\/www.wsamericana.com.br\/site\/wp-content\/uploads\/2014\/04\/gsgs.png\" srcset=\"http:\/\/www.wsamericana.com.br\/site\/wp-content\/uploads\/2014\/04\/gsgs.png 217w, http:\/\/www.wsamericana.com.br\/site\/wp-content\/uploads\/2014\/04\/gsgs-125x130.png 125w\" sizes=\"auto, (max-width: 217px) 100vw, 217px\" \/><\/a>\n<p><strong>GS GS \u2013<\/strong> Veda\u00e7\u00e3o de r\u00e1pida montagem \u00e9 a combina\u00e7\u00e3o de duas gaxetas de borracha nitr\u00edlica com lubrifica\u00e7\u00e3o a graxa.<\/p>\n<p><b>Condi\u00e7\u00f5es indicadas<\/b>:<\/p>\n<p>Temperatura m\u00e1xima de trabalho -40\u00ba a 100\u00ba;<\/p>\n<p>Velocidade m\u00e1xima perif\u00e9rica \u2013 8 m\/s;<\/p>\n<p>Desalinhamento do eixo admitido de at\u00e9 1\u00ba.<\/p>\n<p>&nbsp;<\/p>\n<p>&nbsp;<\/p>\n<a href=\"http:\/\/www.wsamericana.com.br\/site\/wp-content\/uploads\/2014\/04\/r.png\"><img loading=\"lazy\" decoding=\"async\" width=\"182\" height=\"255\" class=\"aligncenter size-full wp-image-354\" alt=\"Veda\u00e7\u00e3o R - WS Americana\" src=\"http:\/\/www.wsamericana.com.br\/site\/wp-content\/uploads\/2014\/04\/r.png\" srcset=\"http:\/\/www.wsamericana.com.br\/site\/wp-content\/uploads\/2014\/04\/r.png 182w, http:\/\/www.wsamericana.com.br\/site\/wp-content\/uploads\/2014\/04\/r-125x175.png 125w\" sizes=\"auto, (max-width: 182px) 100vw, 182px\" \/><\/a>\n<p><strong>R \u2013<\/strong> Eficiente e de r\u00e1pida montagem, o retentor pode ser montado no mancal de ambos os lados, impedindo assim a entrada de contaminantes e sa\u00edda de lubrificantes. A lubrifica\u00e7\u00e3o pode ser feita a graxa ou \u00f3leo.<\/p>\n<p>A velocidade m\u00e1xima perif\u00e9rica \u00e9 de 8m\/s. No caso de velocidades superiores \u00e9 necess\u00e1rio que a superf\u00edcie do eixo seja endurecida e retificada.<\/p>\n<p><b>Condi\u00e7\u00f5es indicadas<\/b>:<\/p>\n<p>Resistem a uma temperatura de -40\u00ba at\u00e9 100\u00ba;<\/p>\n<p>Velocidade m\u00e1xima perif\u00e9rica \u2013 20 m\/s; (com superf\u00edcie adequada).<\/p>\n<p>Desalinhamento do eixo admitido de at\u00e9 1\u00ba.<\/p>\n<p>&nbsp;<\/p>\n<p>&nbsp;<\/p>\n<a href=\"http:\/\/www.wsamericana.com.br\/site\/wp-content\/uploads\/2014\/04\/rr.png\"><img loading=\"lazy\" decoding=\"async\" width=\"214\" height=\"277\" class=\"aligncenter size-full wp-image-355\" alt=\"Veda\u00e7\u00e3o RR - WS Americana\" src=\"http:\/\/www.wsamericana.com.br\/site\/wp-content\/uploads\/2014\/04\/rr.png\" srcset=\"http:\/\/www.wsamericana.com.br\/site\/wp-content\/uploads\/2014\/04\/rr.png 214w, http:\/\/www.wsamericana.com.br\/site\/wp-content\/uploads\/2014\/04\/rr-125x161.png 125w\" sizes=\"auto, (max-width: 214px) 100vw, 214px\" \/><\/a>\n<p><strong>RR \u2013<\/strong> Eficiente e de r\u00e1pida montagem.\u00a0 O retentor pode ser montado no mancal de ambos os lados, impedindo assim a entrada ou sa\u00edda de contaminantes e lubrificantes. A lubrifica\u00e7\u00e3o pode ser feita a graxa ou \u00f3leo.<\/p>\n<p>A velocidade m\u00e1xima perif\u00e9rica \u00e9 de 8m\/s. No caso de velocidades superiores \u00e9 necess\u00e1rio que a superf\u00edcie do eixo seja endurecida e retificada.<\/p>\n<p><b>Condi\u00e7\u00f5es indicadas<\/b>:<\/p>\n<p>Temperatura m\u00e1xima de trabalho -40\u00ba a 100\u00ba;<\/p>\n<p>Velocidade m\u00e1xima perif\u00e9rica \u2013 20 m\/s; (com superf\u00edcie adequada).<\/p>\n<p>Desalinhamento do eixo admitido de at\u00e9 1\u00ba.<b><\/b><\/p>\n<p>&nbsp;<\/p>\n<p>&nbsp;<\/p>\n<a href=\"http:\/\/www.wsamericana.com.br\/site\/wp-content\/uploads\/2014\/04\/tc.png\"><img loading=\"lazy\" decoding=\"async\" width=\"257\" height=\"302\" class=\"aligncenter size-full wp-image-356\" alt=\"Veda\u00e7\u00e3o TC - WS Americana\" src=\"http:\/\/www.wsamericana.com.br\/site\/wp-content\/uploads\/2014\/04\/tc.png\" srcset=\"http:\/\/www.wsamericana.com.br\/site\/wp-content\/uploads\/2014\/04\/tc.png 257w, http:\/\/www.wsamericana.com.br\/site\/wp-content\/uploads\/2014\/04\/tc-250x293.png 250w, http:\/\/www.wsamericana.com.br\/site\/wp-content\/uploads\/2014\/04\/tc-125x146.png 125w, http:\/\/www.wsamericana.com.br\/site\/wp-content\/uploads\/2014\/04\/tc-220x258.png 220w\" sizes=\"auto, (max-width: 257px) 100vw, 257px\" \/><\/a>\n<p><strong>TC \u2013<\/strong> S\u00e3o veda\u00e7\u00f5es compostas de tiras de feltros alojadas em um anel de alum\u00ednio bipartido. Em sua outra extremidade aloja-se um anel O\u00b4ring que ajuda no travamento da veda\u00e7\u00e3o na ranhura do mancal.<\/p>\n<p><b>Condi\u00e7\u00f5es indicadas<\/b>:<\/p>\n<p>Resistem a uma temperatura de -40 at\u00e9 100\u00baC;<\/p>\n<p>Velocidade m\u00e1xima perif\u00e9rica \u2013 4 m\/s;<\/p>\n<p>Desalinhamento do eixo de at\u00e9 0,5\u00ba.<\/p>\n<p>&nbsp;<\/p>\n<p>&nbsp;<\/p>\n<a href=\"http:\/\/www.wsamericana.com.br\/site\/wp-content\/uploads\/2014\/04\/tg.png\"><img loading=\"lazy\" decoding=\"async\" width=\"234\" height=\"267\" class=\"aligncenter size-full wp-image-358\" alt=\"Veda\u00e7\u00e3o TG - WS Americana\" src=\"http:\/\/www.wsamericana.com.br\/site\/wp-content\/uploads\/2014\/04\/tg.png\" srcset=\"http:\/\/www.wsamericana.com.br\/site\/wp-content\/uploads\/2014\/04\/tg.png 234w, http:\/\/www.wsamericana.com.br\/site\/wp-content\/uploads\/2014\/04\/tg-125x142.png 125w, http:\/\/www.wsamericana.com.br\/site\/wp-content\/uploads\/2014\/04\/tg-220x251.png 220w\" sizes=\"auto, (max-width: 234px) 100vw, 234px\" \/><\/a>\n<p><strong>TG \u2013<\/strong> Eficiente em v\u00e1rios ambientes, de f\u00e1cil montagem. Consiste em veda\u00e7\u00e3o de l\u00e1bio duplo de borracha nitr\u00edlica, indicado para lubrifica\u00e7\u00e3o a graxa e fluidos em geral.<br \/>\nFornecida em duas metades de um anel. H\u00e1 necessidade de lubrificar o espa\u00e7o entre l\u00e1bios com graxa.<\/p>\n<p><b>Condi\u00e7\u00f5es indicadas<\/b>:<\/p>\n<p>Resistem a uma temperatura de -40\u00ba at\u00e9 100\u00baC;<\/p>\n<p>&nbsp;<\/p>\n<p>&nbsp;<\/p>\n<p>&nbsp;<\/p>\n<a href=\"http:\/\/www.wsamericana.com.br\/site\/wp-content\/uploads\/2014\/04\/zf.png\"><img loading=\"lazy\" decoding=\"async\" width=\"220\" height=\"260\" class=\"aligncenter size-full wp-image-359\" alt=\"Veda\u00e7\u00e3o ZF - WS Americana\" src=\"http:\/\/www.wsamericana.com.br\/site\/wp-content\/uploads\/2014\/04\/zf.png\" srcset=\"http:\/\/www.wsamericana.com.br\/site\/wp-content\/uploads\/2014\/04\/zf.png 220w, http:\/\/www.wsamericana.com.br\/site\/wp-content\/uploads\/2014\/04\/zf-125x147.png 125w\" sizes=\"auto, (max-width: 220px) 100vw, 220px\" \/><\/a>\n<p><strong>ZF \u2013<\/strong> Eficiente e de r\u00e1pida montagem, n\u00e3o gera calor no eixo.<\/p>\n<p><b>Condi\u00e7\u00f5es indicadas<\/b>:<\/p>\n<p>Resistem a uma temperatura de -40\u00ba at\u00e9 100\u00baC;<\/p>\n<p>Velocidade m\u00e1xima perif\u00e9rica \u2013 8 m\/s;<\/p>\n<p>Desalinhamento do eixo admitido de at\u00e9 1\u00ba.<\/p>\n","protected":false},"excerpt":{"rendered":"<p>As veda\u00e7\u00f5es de contato s\u00e3o normalmente de feltro e retentores. S\u00e3o adequadas para velocidades perif\u00e9ricas de at\u00e9 4m\/s para feltros e at\u00e9 8m\/s para retentores. A temperatura m\u00e1xima de trabalho \u00e9 de at\u00e9 100\u00ba C. A efic\u00e1cia dessas veda\u00e7\u00f5es depende da elasticidade e resist\u00eancia ao desgaste do material que est\u00e1 exercendo press\u00e3o na superf\u00edcie de<\/p>\n<p class=\"readmore\"> <a href=\"http:\/\/www.wsamericana.com.br\/site\/vedacoes\/vedacoes-de-contato\/\" title=\"Read Veda\u00e7\u00f5es de contato\">Read more&#8230;<\/a> <\/p>\n","protected":false},"author":1,"featured_media":0,"parent":336,"menu_order":0,"comment_status":"open","ping_status":"open","template":"","meta":{"footnotes":""},"class_list":["post-348","page","type-page","status-publish","hentry"],"_links":{"self":[{"href":"http:\/\/www.wsamericana.com.br\/site\/wp-json\/wp\/v2\/pages\/348","targetHints":{"allow":["GET"]}}],"collection":[{"href":"http:\/\/www.wsamericana.com.br\/site\/wp-json\/wp\/v2\/pages"}],"about":[{"href":"http:\/\/www.wsamericana.com.br\/site\/wp-json\/wp\/v2\/types\/page"}],"author":[{"embeddable":true,"href":"http:\/\/www.wsamericana.com.br\/site\/wp-json\/wp\/v2\/users\/1"}],"replies":[{"embeddable":true,"href":"http:\/\/www.wsamericana.com.br\/site\/wp-json\/wp\/v2\/comments?post=348"}],"version-history":[{"count":5,"href":"http:\/\/www.wsamericana.com.br\/site\/wp-json\/wp\/v2\/pages\/348\/revisions"}],"predecessor-version":[{"id":362,"href":"http:\/\/www.wsamericana.com.br\/site\/wp-json\/wp\/v2\/pages\/348\/revisions\/362"}],"up":[{"embeddable":true,"href":"http:\/\/www.wsamericana.com.br\/site\/wp-json\/wp\/v2\/pages\/336"}],"wp:attachment":[{"href":"http:\/\/www.wsamericana.com.br\/site\/wp-json\/wp\/v2\/media?parent=348"}],"curies":[{"name":"wp","href":"https:\/\/api.w.org\/{rel}","templated":true}]}}