{"id":339,"date":"2014-04-02T18:09:13","date_gmt":"2014-04-02T18:09:13","guid":{"rendered":"http:\/\/www.wsamericana.com.br\/site\/?page_id=339"},"modified":"2014-04-02T18:50:31","modified_gmt":"2014-04-02T18:50:31","slug":"vedacoes-sem-contato","status":"publish","type":"page","link":"http:\/\/www.wsamericana.com.br\/site\/vedacoes\/vedacoes-sem-contato\/","title":{"rendered":"Veda\u00e7\u00f5es sem contato"},"content":{"rendered":"<p>S\u00e3o utilizados em situa\u00e7\u00f5es onde a incid\u00eancia de contaminante \u00e9 muito alta.<\/p>\n<p>Ela n\u00e3o apresenta ru\u00eddo, atrito ou desgaste, sendo que os vedadores n\u00e3o entram em contato com as caixas.<\/p>\n<p>Por conta das pe\u00e7as n\u00e3o estarem em contato, essa veda\u00e7\u00e3o \u00e9 adequada para altas temperaturas e velocidades, recomendado ent\u00e3o a lubrifica\u00e7\u00e3o com graxa.<\/p>\n<p>Veda\u00e7\u00f5es sem contato s\u00e3o formados por estreitas passagens que podem ser alocadas radialmente, axialmente ou de ambas as formas combinadas constituindo ent\u00e3o os labirintos.<\/p>\n<p>Labirintos simples ou m\u00faltiplos representam grande efic\u00e1cia em locais com poeira excessiva. Nos casos onde os lubrificantes s\u00e3o graxa, os canais devem<\/p>\n<p>ser preenchidos com o mesmo material. Os canais comportam a relubrifica\u00e7\u00e3o dos espa\u00e7os intermedi\u00e1rios e a expuls\u00e3o de contaminantes.<\/p>\n<p>Op\u00e7\u00f5es de veda\u00e7\u00e3o sem contato aplicadas aos mancais:<\/p>\n<p>&nbsp;<\/p>\n<a href=\"http:\/\/www.wsamericana.com.br\/site\/wp-content\/uploads\/2014\/04\/as.png\"><img loading=\"lazy\" decoding=\"async\" width=\"282\" height=\"245\" class=\"aligncenter size-full wp-image-340\" alt=\"Veda\u00e7\u00e3o AS - WS Americana\" src=\"http:\/\/www.wsamericana.com.br\/site\/wp-content\/uploads\/2014\/04\/as.png\" srcset=\"http:\/\/www.wsamericana.com.br\/site\/wp-content\/uploads\/2014\/04\/as.png 282w, http:\/\/www.wsamericana.com.br\/site\/wp-content\/uploads\/2014\/04\/as-250x217.png 250w, http:\/\/www.wsamericana.com.br\/site\/wp-content\/uploads\/2014\/04\/as-125x108.png 125w, http:\/\/www.wsamericana.com.br\/site\/wp-content\/uploads\/2014\/04\/as-220x191.png 220w\" sizes=\"auto, (max-width: 282px) 100vw, 282px\" \/><\/a>\n<p><strong>AS \u2013<\/strong> Veda\u00e7\u00e3o de f\u00e1cil manuseio que n\u00e3o gera calor, formada por estreitos canais em forma de labirinto axial fixado por parafusos allen.<\/p>\n<p>Devem ser usados em ambientes que n\u00e3o tenham contaminantes agressivos, e tamb\u00e9m pode ser utilizado com outros vedadores.<\/p>\n<p><b>Condi\u00e7\u00f5es indicadas<\/b>:<\/p>\n<p>Grandes rota\u00e7\u00f5es;<\/p>\n<p>Temperatura m\u00e1xima de trabalho -50\u00ba a 200\u00ba \u00a0&#8211; (Usando O\u00b4ring em viton ou silicone);<\/p>\n<p>Desalinhamento do eixo admitido de at\u00e9 0,25\u00ba.<\/p>\n<p>&nbsp;<\/p>\n<a href=\"http:\/\/www.wsamericana.com.br\/site\/wp-content\/uploads\/2014\/04\/ts.png\"><img loading=\"lazy\" decoding=\"async\" width=\"217\" height=\"285\" class=\"aligncenter size-full wp-image-341\" alt=\"Veda\u00e7\u00e3o TS - WS Americana\" src=\"http:\/\/www.wsamericana.com.br\/site\/wp-content\/uploads\/2014\/04\/ts.png\" srcset=\"http:\/\/www.wsamericana.com.br\/site\/wp-content\/uploads\/2014\/04\/ts.png 217w, http:\/\/www.wsamericana.com.br\/site\/wp-content\/uploads\/2014\/04\/ts-125x164.png 125w\" sizes=\"auto, (max-width: 217px) 100vw, 217px\" \/><\/a>\n<p><strong>TS \u2013<\/strong> \u00c9 um labirinto radial que trabalha em canais feito na Caixas, sem contato entre as paredes. Fabricado em GG 20 ou A\u00e7o 1020. Possu\u00ed Anel Oring interno que possibilita o ajuste do mesmo.<\/p>\n<p>Montado em mancais bipartidos pr\u00f3priospara lubrifica\u00e7\u00e3o em graxa ou \u00f3leo. <b><\/b><\/p>\n<p><b>Condi\u00e7\u00f5es indicadas: <\/b><\/p>\n<p>Grandes rota\u00e7\u00f5es;<\/p>\n<p>Temperatura m\u00e1xima de trabalho -50\u00ba a 200\u00ba \u00a0&#8211; (Usando O\u00b4ring em viton ou silicone);<\/p>\n<p>Desalinhamento do eixo admitido de at\u00e9 0,25\u00ba.<\/p>\n<a href=\"http:\/\/www.wsamericana.com.br\/site\/wp-content\/uploads\/2014\/04\/tas.png\"><img loading=\"lazy\" decoding=\"async\" width=\"248\" height=\"228\" class=\"aligncenter size-full wp-image-343\" alt=\"Veda\u00e7\u00f5es - TAS - WS Americana\" src=\"http:\/\/www.wsamericana.com.br\/site\/wp-content\/uploads\/2014\/04\/tas.png\" srcset=\"http:\/\/www.wsamericana.com.br\/site\/wp-content\/uploads\/2014\/04\/tas.png 248w, http:\/\/www.wsamericana.com.br\/site\/wp-content\/uploads\/2014\/04\/tas-125x114.png 125w, http:\/\/www.wsamericana.com.br\/site\/wp-content\/uploads\/2014\/04\/tas-220x202.png 220w\" sizes=\"auto, (max-width: 248px) 100vw, 248px\" \/><\/a>\n<p><strong>TAS \u2013<\/strong> Combina\u00e7\u00e3o das veda\u00e7\u00f5es TS + AS. Apropriados para altas rota\u00e7\u00f5es e temperaturas.\u00a0 Podem ser montadas apenas em caixas bipartidas.<\/p>\n<p><b>Condi\u00e7\u00f5es indicadas: <\/b><\/p>\n<p>Temperatura m\u00e1xima de trabalho -50\u00ba a 200\u00ba \u00a0&#8211; (Usando O\u00b4ring em viton ou silicone);<\/p>\n<p>Grandes rota\u00e7\u00f5es;<\/p>\n<p>Desalinhamento do eixo admitido de at\u00e9 0,25\u00ba<\/p>\n<p>&nbsp;<\/p>\n<p>&nbsp;<\/p>\n","protected":false},"excerpt":{"rendered":"<p>S\u00e3o utilizados em situa\u00e7\u00f5es onde a incid\u00eancia de contaminante \u00e9 muito alta. Ela n\u00e3o apresenta ru\u00eddo, atrito ou desgaste, sendo que os vedadores n\u00e3o entram em contato com as caixas. Por conta das pe\u00e7as n\u00e3o estarem em contato, essa veda\u00e7\u00e3o \u00e9 adequada para altas temperaturas e velocidades, recomendado ent\u00e3o a lubrifica\u00e7\u00e3o com graxa. Veda\u00e7\u00f5es sem<\/p>\n<p class=\"readmore\"> <a href=\"http:\/\/www.wsamericana.com.br\/site\/vedacoes\/vedacoes-sem-contato\/\" title=\"Read Veda\u00e7\u00f5es sem contato\">Read more&#8230;<\/a> <\/p>\n","protected":false},"author":1,"featured_media":0,"parent":336,"menu_order":0,"comment_status":"open","ping_status":"open","template":"","meta":{"footnotes":""},"class_list":["post-339","page","type-page","status-publish","hentry"],"_links":{"self":[{"href":"http:\/\/www.wsamericana.com.br\/site\/wp-json\/wp\/v2\/pages\/339","targetHints":{"allow":["GET"]}}],"collection":[{"href":"http:\/\/www.wsamericana.com.br\/site\/wp-json\/wp\/v2\/pages"}],"about":[{"href":"http:\/\/www.wsamericana.com.br\/site\/wp-json\/wp\/v2\/types\/page"}],"author":[{"embeddable":true,"href":"http:\/\/www.wsamericana.com.br\/site\/wp-json\/wp\/v2\/users\/1"}],"replies":[{"embeddable":true,"href":"http:\/\/www.wsamericana.com.br\/site\/wp-json\/wp\/v2\/comments?post=339"}],"version-history":[{"count":7,"href":"http:\/\/www.wsamericana.com.br\/site\/wp-json\/wp\/v2\/pages\/339\/revisions"}],"predecessor-version":[{"id":375,"href":"http:\/\/www.wsamericana.com.br\/site\/wp-json\/wp\/v2\/pages\/339\/revisions\/375"}],"up":[{"embeddable":true,"href":"http:\/\/www.wsamericana.com.br\/site\/wp-json\/wp\/v2\/pages\/336"}],"wp:attachment":[{"href":"http:\/\/www.wsamericana.com.br\/site\/wp-json\/wp\/v2\/media?parent=339"}],"curies":[{"name":"wp","href":"https:\/\/api.w.org\/{rel}","templated":true}]}}