{"id":336,"date":"2014-04-02T17:59:50","date_gmt":"2014-04-02T17:59:50","guid":{"rendered":"http:\/\/www.wsamericana.com.br\/site\/?page_id=336"},"modified":"2014-04-08T11:26:00","modified_gmt":"2014-04-08T14:26:00","slug":"vedacoes","status":"publish","type":"page","link":"http:\/\/www.wsamericana.com.br\/site\/vedacoes\/","title":{"rendered":"Veda\u00e7\u00f5es"},"content":{"rendered":"<p>Proteger os rolamentos com veda\u00e7\u00f5es apropriadas \u00e9 necess\u00e1rio para evitar a entrada agentes poluidores e outros contaminantes. Em contrapartida evita o vazamento de lubrificante.<\/p>\n<p>\u00c9 necess\u00e1rio analisar os seguintes fatores para o uso da veda\u00e7\u00e3o adequada: superf\u00edcie vedante, tipo de lubrificante, desalinhamento do eixo, temperatura de trabalho, velocidade perif\u00e9rica, atrito do vedador e espa\u00e7o dispon\u00edvel.<\/p>\n<p>Existem 3 tipos de veda\u00e7\u00f5es: sem contato, de contato e sistemas combinados:<\/p>\n<p><strong> <a href=\"http:\/\/www.wsamericana.com.br\/site\/vedacoes\/vedacoes-sem-contato\/\">Veda\u00e7\u00f5es sem contato<\/a>.<\/strong><\/p>\n<p><strong><a href=\"http:\/\/www.wsamericana.com.br\/site\/vedacoes\/vedacoes-de-contato\/\">Veda\u00e7\u00f5es de contato<\/a>.<\/strong><\/p>\n<p><strong><a href=\"http:\/\/www.wsamericana.com.br\/site\/vedacoes\/sistemas-combinados\/\">Sistemas combinados<\/a>.<\/strong><\/p>\n","protected":false},"excerpt":{"rendered":"<p>Proteger os rolamentos com veda\u00e7\u00f5es apropriadas \u00e9 necess\u00e1rio para evitar a entrada agentes poluidores e outros contaminantes. Em contrapartida evita o vazamento de lubrificante. \u00c9 necess\u00e1rio analisar os seguintes fatores para o uso da veda\u00e7\u00e3o adequada: superf\u00edcie vedante, tipo de lubrificante, desalinhamento do eixo, temperatura de trabalho, velocidade perif\u00e9rica, atrito do vedador e espa\u00e7o dispon\u00edvel.<\/p>\n<p class=\"readmore\"> <a href=\"http:\/\/www.wsamericana.com.br\/site\/vedacoes\/\" title=\"Read Veda\u00e7\u00f5es\">Read more&#8230;<\/a> <\/p>\n","protected":false},"author":1,"featured_media":0,"parent":0,"menu_order":2,"comment_status":"open","ping_status":"open","template":"","meta":{"footnotes":""},"class_list":["post-336","page","type-page","status-publish","hentry"],"_links":{"self":[{"href":"http:\/\/www.wsamericana.com.br\/site\/wp-json\/wp\/v2\/pages\/336","targetHints":{"allow":["GET"]}}],"collection":[{"href":"http:\/\/www.wsamericana.com.br\/site\/wp-json\/wp\/v2\/pages"}],"about":[{"href":"http:\/\/www.wsamericana.com.br\/site\/wp-json\/wp\/v2\/types\/page"}],"author":[{"embeddable":true,"href":"http:\/\/www.wsamericana.com.br\/site\/wp-json\/wp\/v2\/users\/1"}],"replies":[{"embeddable":true,"href":"http:\/\/www.wsamericana.com.br\/site\/wp-json\/wp\/v2\/comments?post=336"}],"version-history":[{"count":19,"href":"http:\/\/www.wsamericana.com.br\/site\/wp-json\/wp\/v2\/pages\/336\/revisions"}],"predecessor-version":[{"id":383,"href":"http:\/\/www.wsamericana.com.br\/site\/wp-json\/wp\/v2\/pages\/336\/revisions\/383"}],"wp:attachment":[{"href":"http:\/\/www.wsamericana.com.br\/site\/wp-json\/wp\/v2\/media?parent=336"}],"curies":[{"name":"wp","href":"https:\/\/api.w.org\/{rel}","templated":true}]}}