{"id":21,"date":"2013-09-10T03:08:29","date_gmt":"2013-09-10T03:08:29","guid":{"rendered":"http:\/\/www.wsamericana.com.br\/site\/?page_id=21"},"modified":"2014-04-08T13:43:52","modified_gmt":"2014-04-08T16:43:52","slug":"home-2","status":"publish","type":"page","link":"http:\/\/www.wsamericana.com.br\/site\/","title":{"rendered":"Home"},"content":{"rendered":"<h4 style=\"text-align: center;\">Seja bem vindo \u00e0 WS Americana &#8211; Fabricante de Mancais.<\/h4>\n<p>&nbsp;<\/p>\n<p><center><img loading=\"lazy\" decoding=\"async\" alt=\"home1\" src=\"http:\/\/www.wsamericana.com.br\/site\/wp-content\/uploads\/2013\/09\/home1.jpg\" width=\"150\" height=\"106\" \/>\u00a0 \u00a0 \u00a0 \u00a0 \u00a0 \u00a0 \u00a0 \u00a0<img loading=\"lazy\" decoding=\"async\" alt=\"home2\" src=\"http:\/\/www.wsamericana.com.br\/site\/wp-content\/uploads\/2013\/09\/home2.jpg\" width=\"150\" height=\"106\" \/><\/center><center>\u00a0<\/center><\/p>\n<p style=\"text-align: justify;\">Fundada em 2003, a WS Americana atua na fabrica\u00e7\u00e3o de mancais com refer\u00eancia e qualidade nesse segmento. Tamb\u00e9m desenvolve\u00a0outros projetos sob desenho para necessidades espec\u00edficas em diversos segmentos industriais.<\/p>\n<p style=\"text-align: justify;\">Instalada em Americana \u2013 SP (120km de S\u00e3o Paulo) a empresa est\u00e1 localizada as margens da rodovia Luiz de Queiroz \u2013 SP 304, entre as rodovias Anhanguera e Bandeirantes.<\/p>\n<p style=\"text-align: justify;\">Contamos com uma equipe de colaboradores treinada e especializada, com experi\u00eancia nos processos de fabrica\u00e7\u00e3o, assegurando um produto com garantia e qualidade.<\/p>\n<p style=\"text-align: justify;\">Buscamos atender as exig\u00eancias de nossos clientes com aperfei\u00e7oamentos di\u00e1rios, procurando evolu\u00e7\u00e3o cont\u00ednua para atingir nossos objetivos.<\/p>\n<p style=\"text-align: justify;\">Nosso compromisso \u00e9 atender o cliente com transpar\u00eancia e \u00e9tica, com o comprometimento de garantir efici\u00eancia e compet\u00eancia nos servi\u00e7os prestados, transmitindo assim confian\u00e7a e tranquilidade a nossos clientes.<\/p>\n<p style=\"text-align: justify;\">Solicite um or\u00e7amento sem compromisso. Estamos \u00e0 disposi\u00e7\u00e3o para atender qualquer d\u00favida sobre as caracter\u00edsticas ou funcionamento de nossos produtos.<\/p>\n<p style=\"text-align: center;\">WS Americana \u2013 A melhor op\u00e7\u00e3o em Mancais<\/p>\n","protected":false},"excerpt":{"rendered":"<p>Seja bem vindo \u00e0 WS Americana &#8211; Fabricante de Mancais. &nbsp; \u00a0 \u00a0 \u00a0 \u00a0 \u00a0 \u00a0 \u00a0 \u00a0\u00a0 Fundada em 2003, a WS Americana atua na fabrica\u00e7\u00e3o de mancais com refer\u00eancia e qualidade nesse segmento. Tamb\u00e9m desenvolve\u00a0outros projetos sob desenho para necessidades espec\u00edficas em diversos segmentos industriais. Instalada em Americana \u2013 SP (120km de<\/p>\n<p class=\"readmore\"> <a href=\"http:\/\/www.wsamericana.com.br\/site\/\" title=\"Read Home\">Read more&#8230;<\/a> <\/p>\n","protected":false},"author":1,"featured_media":0,"parent":0,"menu_order":1,"comment_status":"open","ping_status":"open","template":"template.page.fullwidth.php","meta":{"footnotes":""},"class_list":["post-21","page","type-page","status-publish","hentry"],"_links":{"self":[{"href":"http:\/\/www.wsamericana.com.br\/site\/wp-json\/wp\/v2\/pages\/21","targetHints":{"allow":["GET"]}}],"collection":[{"href":"http:\/\/www.wsamericana.com.br\/site\/wp-json\/wp\/v2\/pages"}],"about":[{"href":"http:\/\/www.wsamericana.com.br\/site\/wp-json\/wp\/v2\/types\/page"}],"author":[{"embeddable":true,"href":"http:\/\/www.wsamericana.com.br\/site\/wp-json\/wp\/v2\/users\/1"}],"replies":[{"embeddable":true,"href":"http:\/\/www.wsamericana.com.br\/site\/wp-json\/wp\/v2\/comments?post=21"}],"version-history":[{"count":34,"href":"http:\/\/www.wsamericana.com.br\/site\/wp-json\/wp\/v2\/pages\/21\/revisions"}],"predecessor-version":[{"id":652,"href":"http:\/\/www.wsamericana.com.br\/site\/wp-json\/wp\/v2\/pages\/21\/revisions\/652"}],"wp:attachment":[{"href":"http:\/\/www.wsamericana.com.br\/site\/wp-json\/wp\/v2\/media?parent=21"}],"curies":[{"name":"wp","href":"https:\/\/api.w.org\/{rel}","templated":true}]}}