{"id":14,"date":"2013-09-10T02:57:29","date_gmt":"2013-09-10T02:57:29","guid":{"rendered":"http:\/\/www.wsamericana.com.br\/site\/?page_id=14"},"modified":"2018-05-07T08:18:06","modified_gmt":"2018-05-07T11:18:06","slug":"contato","status":"publish","type":"page","link":"http:\/\/www.wsamericana.com.br\/site\/contato\/","title":{"rendered":"Contato"},"content":{"rendered":"<p>A WS Americana est\u00e1 \u00e0 disposi\u00e7\u00e3o para atender qualquer d\u00favida sobre as caracter\u00edsticas ou funcionamento de seus produtos, assim como informa\u00e7\u00f5es sobre a empresa.<\/p>\n<p>Para entrar em contato conosco, envie sua mensagem atrav\u00e9s do formul\u00e1rio ao lado ou se preferir, use telefone ou e-mail abaixo:<\/p>\n<p style=\"text-align: center;\"><a href=\"mailto: wsamericana@wsamericana.com.br\">Solicite um or\u00e7amento sem compromisso.<\/a><br \/>\n<a href=\"mailto: wsamericana@wsamericana.com.br\"><br \/>\n<img loading=\"lazy\" decoding=\"async\" class=\"aligncenter  wp-image-578\" alt=\"\" src=\"http:\/\/www.wsamericana.com.br\/site\/wp-content\/uploads\/2013\/09\/mail-150x150.png\" width=\"40\" height=\"40\" srcset=\"http:\/\/www.wsamericana.com.br\/site\/wp-content\/uploads\/2013\/09\/mail-150x150.png 150w, http:\/\/www.wsamericana.com.br\/site\/wp-content\/uploads\/2013\/09\/mail-250x250.png 250w, http:\/\/www.wsamericana.com.br\/site\/wp-content\/uploads\/2013\/09\/mail-125x125.png 125w, http:\/\/www.wsamericana.com.br\/site\/wp-content\/uploads\/2013\/09\/mail-220x220.png 220w, http:\/\/www.wsamericana.com.br\/site\/wp-content\/uploads\/2013\/09\/mail.png 256w\" sizes=\"auto, (max-width: 40px) 100vw, 40px\" \/><\/a><\/p>\n<div class=\"one_half\"><strong>Hor\u00e1rio de atendimento:<\/strong><br \/>\nSegunda \u00e0 Quinta-feira- 07h00 &#8211; 17h00.<br \/>\nSexta-feira &#8211; 07h00 &#8211; 16h00.<\/p>\n<p><strong>Telefone:<\/strong> (019) &#8211; 3406-3985 e 3601-3288<br \/>\n<a href=\"mailto:wsamericana@wsamericana.com.br\"><br \/>\n<strong>E-mail:<\/strong> wsamericana@wsamericana.com.br <\/a><\/p>\n<p><strong>Endere\u00e7o:<\/strong><\/p>\n<p>Rua do Tecel\u00e3o n\u00ba 470<br \/>\nJardim Werner Plaas<br \/>\nAmericana &#8211; SP<br \/>\n13.478-721<\/p>\n<p><\/div>\n<div class=\"one_half last\">         <script type=\"text\/javascript\">\n         function cp_contactformtoemail_pform_doValidate_1(form)\n         {\n            document.cp_contactformtoemail_pform_1.cp_ref_page.value = document.location;\n            $dexQuery = jQuery.noConflict();            {\n                document.getElementById(\"form_structure_1\").value = '';    \n                return true;\n            }    \n         }\n         function cp_contactformtoemail_cerror_1(){$dexQuery = jQuery.noConflict();$dexQuery(\"#hdcaptcha_error_1\").css('top',$dexQuery(\"#hdcaptcha_cp_contactformtoemail_post_1\").outerHeight());$dexQuery(\"#hdcaptcha_error_1\").css(\"display\",\"inline\");}\n        <\/script>\n<link href=\"http:\/\/www.wsamericana.com.br\/site\/wp-content\/plugins\/contact-form-to-email\/css\/stylepublic.css\" type=\"text\/css\" rel=\"stylesheet\" \/>\r\n<link href=\"http:\/\/www.wsamericana.com.br\/site\/wp-content\/plugins\/contact-form-to-email\/css\/cupertino\/jquery-ui-1.8.20.custom.css\" type=\"text\/css\" rel=\"stylesheet\" \/>\r\n<form class=\"cpp_form\" name=\"cp_contactformtoemail_pform_1\" id=\"cp_contactformtoemail_pform_1\" action=\"\" method=\"post\" enctype=\"multipart\/form-data\" onsubmit=\"return cp_contactformtoemail_pform_doValidate_1(this);\"><input type=\"hidden\" name=\"cp_pform_psequence\" value=\"_1\" \/><input type=\"hidden\" name=\"cp_contactformtoemail_pform_process\" value=\"1\" \/><input type=\"hidden\" name=\"cp_contactformtoemail_id\" value=\"1\" \/><input type=\"hidden\" name=\"cp_ref_page\" value=\"\" \/><input type=\"hidden\" name=\"form_structure_1\" id=\"form_structure_1\" size=\"180\" value=\"[[{&quot;name&quot;:&quot;email&quot;,&quot;index&quot;:0,&quot;title&quot;:&quot;E-mail&quot;,&quot;ftype&quot;:&quot;femail&quot;,&quot;userhelp&quot;:&quot;&quot;,&quot;csslayout&quot;:&quot;&quot;,&quot;required&quot;:true,&quot;predefined&quot;:&quot;&quot;,&quot;size&quot;:&quot;medium&quot;,&quot;userhelpTooltip&quot;:null},{&quot;name&quot;:&quot;subject&quot;,&quot;index&quot;:1,&quot;title&quot;:&quot;Disciplina&quot;,&quot;required&quot;:true,&quot;ftype&quot;:&quot;ftext&quot;,&quot;userhelp&quot;:&quot;&quot;,&quot;csslayout&quot;:&quot;&quot;,&quot;predefined&quot;:&quot;&quot;,&quot;size&quot;:&quot;medium&quot;,&quot;userhelpTooltip&quot;:null},{&quot;name&quot;:&quot;message&quot;,&quot;index&quot;:2,&quot;size&quot;:&quot;large&quot;,&quot;required&quot;:true,&quot;title&quot;:&quot;Messagem&quot;,&quot;ftype&quot;:&quot;ftextarea&quot;,&quot;userhelp&quot;:&quot;&quot;,&quot;csslayout&quot;:&quot;&quot;,&quot;predefined&quot;:&quot;&quot;,&quot;userhelpTooltip&quot;:null}],[{&quot;title&quot;:&quot;Contato&quot;,&quot;description&quot;:&quot;Entre em contato conosco&quot;,&quot;formlayout&quot;:&quot;top_aligned&quot;}]]\" \/>\r\n<div id=\"fbuilder\">    \r\n<div id=\"fbuilder_1\">\r\n<div id=\"formheader_1\"><\/div>\r\n<div id=\"fieldlist_1\"><\/div>\r\n    <\/div>\r\n<\/div>    \r\n<div id=\"cpcaptchalayer_1\" class=\"cpcaptchalayer\">\r\n<\/div>\r\n<div id=\"cp_subbtn_1\" class=\"cp_subbtn\">Enviar<\/div>\r\n<\/form><\/div><div class=\"clearboth\"><\/div>\n<p><center><\/p>\n<p><iframe loading=\"lazy\" src=\"https:\/\/www.google.com\/maps\/embed?pb=!1m26!1m12!1m3!1d3679.4227809872805!2d-47.309960634508656!3d-22.74968623800466!2m3!1f0!2f0!3f0!3m2!1i1024!2i768!4f13.1!4m11!3e2!4m5!1s0x94c899f22d7dc4c1%3A0x687fc29c0425f97d!2sR.+do+Tecel%C3%A3o%2C+470+-+Jardim+Werner+Plaas%2C+Americana+-+SP%2C+13478-721!3m2!1d-22.7495963!2d-47.3076601!4m3!3m2!1d-22.749626!2d-47.3076601!5e0!3m2!1spt-BR!2sbr!4v1525691849630\" width=\"600\" height=\"450\" frameborder=\"0\" style=\"border:0\" allowfullscreen><\/iframe><\/p>\n<p><\/center><\/p>\n","protected":false},"excerpt":{"rendered":"<p>A WS Americana est\u00e1 \u00e0 disposi\u00e7\u00e3o para atender qualquer d\u00favida sobre as caracter\u00edsticas ou funcionamento de seus produtos, assim como informa\u00e7\u00f5es sobre a empresa. Para entrar em contato conosco, envie sua mensagem atrav\u00e9s do formul\u00e1rio ao lado ou se preferir, use telefone ou e-mail abaixo: Solicite um or\u00e7amento sem compromisso.<\/p>\n","protected":false},"author":1,"featured_media":0,"parent":0,"menu_order":4,"comment_status":"open","ping_status":"open","template":"","meta":{"footnotes":""},"class_list":["post-14","page","type-page","status-publish","hentry"],"_links":{"self":[{"href":"http:\/\/www.wsamericana.com.br\/site\/wp-json\/wp\/v2\/pages\/14","targetHints":{"allow":["GET"]}}],"collection":[{"href":"http:\/\/www.wsamericana.com.br\/site\/wp-json\/wp\/v2\/pages"}],"about":[{"href":"http:\/\/www.wsamericana.com.br\/site\/wp-json\/wp\/v2\/types\/page"}],"author":[{"embeddable":true,"href":"http:\/\/www.wsamericana.com.br\/site\/wp-json\/wp\/v2\/users\/1"}],"replies":[{"embeddable":true,"href":"http:\/\/www.wsamericana.com.br\/site\/wp-json\/wp\/v2\/comments?post=14"}],"version-history":[{"count":52,"href":"http:\/\/www.wsamericana.com.br\/site\/wp-json\/wp\/v2\/pages\/14\/revisions"}],"predecessor-version":[{"id":1085,"href":"http:\/\/www.wsamericana.com.br\/site\/wp-json\/wp\/v2\/pages\/14\/revisions\/1085"}],"wp:attachment":[{"href":"http:\/\/www.wsamericana.com.br\/site\/wp-json\/wp\/v2\/media?parent=14"}],"curies":[{"name":"wp","href":"https:\/\/api.w.org\/{rel}","templated":true}]}}