{"id":1028,"date":"2014-11-17T09:58:01","date_gmt":"2014-11-17T11:58:01","guid":{"rendered":"http:\/\/www.wsamericana.com.br\/site\/?page_id=1028"},"modified":"2014-11-17T10:05:46","modified_gmt":"2014-11-17T12:05:46","slug":"mancais-serie-tvn-200","status":"publish","type":"page","link":"http:\/\/www.wsamericana.com.br\/site\/produtosws\/mancais-serie-tvn\/mancais-serie-tvn-200\/","title":{"rendered":"Mancais s\u00e9rie: TVN 200"},"content":{"rendered":"<p>Clique no desenho para expandir a imagem.<br \/>\nVoc\u00ea ser\u00e1 redirecionado para uma nova janela.<\/p>\n<p><a href=\"http:\/\/www.wsamericana.com.br\/site\/pecas\/TVN_200.jpg\" target=\"_blank\"><\/p>\n<img loading=\"lazy\" decoding=\"async\" alt=\"Mancais s\u00e9rie:  TVN 200 - WS AMERICANA\" src=\"http:\/\/www.wsamericana.com.br\/site\/pecas\/TVN_200.jpg\" width=\"951\" height=\"767\" \/><\/a>\n<p>&nbsp;<\/p>\n<p>Mancais WS Americana<br \/>\nS\u00e9rie: <a href=\"http:\/\/www.wsamericana.com.br\/site\/produtosws\/mancais-serie-tvn\/\">TVN<\/a><br \/>\nTVN 200<\/p>\n","protected":false},"excerpt":{"rendered":"<p>Clique no desenho para expandir a imagem. Voc\u00ea ser\u00e1 redirecionado para uma nova janela. &nbsp; Mancais WS Americana S\u00e9rie: TVN TVN 200<\/p>\n","protected":false},"author":1,"featured_media":0,"parent":1027,"menu_order":0,"comment_status":"open","ping_status":"open","template":"","meta":{"footnotes":""},"class_list":["post-1028","page","type-page","status-publish","hentry"],"_links":{"self":[{"href":"http:\/\/www.wsamericana.com.br\/site\/wp-json\/wp\/v2\/pages\/1028","targetHints":{"allow":["GET"]}}],"collection":[{"href":"http:\/\/www.wsamericana.com.br\/site\/wp-json\/wp\/v2\/pages"}],"about":[{"href":"http:\/\/www.wsamericana.com.br\/site\/wp-json\/wp\/v2\/types\/page"}],"author":[{"embeddable":true,"href":"http:\/\/www.wsamericana.com.br\/site\/wp-json\/wp\/v2\/users\/1"}],"replies":[{"embeddable":true,"href":"http:\/\/www.wsamericana.com.br\/site\/wp-json\/wp\/v2\/comments?post=1028"}],"version-history":[{"count":4,"href":"http:\/\/www.wsamericana.com.br\/site\/wp-json\/wp\/v2\/pages\/1028\/revisions"}],"predecessor-version":[{"id":1040,"href":"http:\/\/www.wsamericana.com.br\/site\/wp-json\/wp\/v2\/pages\/1028\/revisions\/1040"}],"up":[{"embeddable":true,"href":"http:\/\/www.wsamericana.com.br\/site\/wp-json\/wp\/v2\/pages\/1027"}],"wp:attachment":[{"href":"http:\/\/www.wsamericana.com.br\/site\/wp-json\/wp\/v2\/media?parent=1028"}],"curies":[{"name":"wp","href":"https:\/\/api.w.org\/{rel}","templated":true}]}}